{"id":9802,"date":"2025-10-10T11:43:43","date_gmt":"2025-10-10T11:43:43","guid":{"rendered":"https:\/\/nickyacademy.de\/product\/english-handwriting-alphabet-1-15-printed-ingilizce-alfabesi-el-yazisi\/"},"modified":"2025-12-01T00:02:55","modified_gmt":"2025-12-01T00:02:55","slug":"english-handwriting-alphabet-1-15-printed-ingilizce-alfabesi-el-yazisi","status":"publish","type":"product","link":"https:\/\/nickyacademy.de\/tr\/urun\/english-handwriting-alphabet-1-15-printed-ingilizce-alfabesi-el-yazisi\/","title":{"rendered":"English Handwriting Alphabet (1.15 Printed) \u0130ngilizce Alfabesi El Yaz\u0131s\u0131"},"content":{"rendered":"<p>\u00c7ocu\u011funuzun yazmay\u0131 \u00f6\u011frenmesine yard\u0131mc\u0131 olmak harfleri takip etmekle ba\u015flar. Bu basit aktivite ince motor becerilerini, el-g\u00f6z koordinasyonunu ve harfleri tan\u0131may\u0131 geli\u015ftirir. \u0130z s\u00fcrmek i\u00e7in noktal\u0131 \u00e7izgi \u00e7al\u0131\u015fma sayfalar\u0131 veya a\u00e7\u0131k renkli bir k\u0131lavuz kullan\u0131n. Kalemi do\u011fru tutmay\u0131 ve yava\u015f, sabit hareketleri te\u015fvik edin.<\/p>\n<p>D\u00fczenli al\u0131\u015ft\u0131rma \u00f6zg\u00fcven geli\u015ftirir ve \u00e7ocuklar\u0131 ba\u011f\u0131ms\u0131z yazmaya haz\u0131rlar. Renkli kalemler veya \u00f6d\u00fcllerle e\u011flenceli hale getirin! Tutarl\u0131 iz s\u00fcrme kas haf\u0131zas\u0131n\u0131 g\u00fc\u00e7lendirir ve daha sonra d\u00fczg\u00fcn bir el yaz\u0131s\u0131 sa\u011flar. B\u00fcy\u00fck harflerle ba\u015flay\u0131n, sonra k\u00fc\u00e7\u00fck harflere ge\u00e7in.<\/p>\n<p>Sab\u0131r ve pratikle, \u00e7ocu\u011funuz zahmetsizce g\u00fc\u00e7l\u00fc yazma becerileri geli\u015ftirecektir! En iyi sonu\u00e7lar i\u00e7in seanslar\u0131 k\u0131sa ve ilgi \u00e7ekici tutun. Mutlu iz s\u00fcrmeler!<\/p>\n","protected":false},"excerpt":{"rendered":"<p>\u0130ngilizce Alfabesi El Yaz\u0131s\u0131 Yazma al\u0131\u015ft\u0131rma ka\u011f\u0131tlar\u0131, \u0130ngilizce alfabesinin t\u00fcm harfleri. 32 Sayfa. Bas\u0131l\u0131.<\/p>\n","protected":false},"featured_media":7819,"comment_status":"open","ping_status":"closed","template":"","meta":[],"product_brand":[255],"product_cat":[740],"product_tag":[1378,1381,1379,1380,1377],"class_list":{"0":"post-9802","1":"product","2":"type-product","3":"status-publish","4":"has-post-thumbnail","6":"product_brand-reading-with-nicky","7":"product_cat-yazma-diller-iletisim","8":"product_tag-el-yazisi","9":"product_tag-el-yazisi-alistirmasi","10":"product_tag-harfleri-takip-et","11":"product_tag-turk-alfabesi","12":"product_tag-yazarlik-egitimi","13":"pa_tip-b-basili","15":"first","16":"instock","17":"downloadable","18":"shipping-taxable","19":"purchasable","20":"product-type-simple"},"_links":{"self":[{"href":"https:\/\/nickyacademy.de\/tr\/wp-json\/wp\/v2\/product\/9802","targetHints":{"allow":["GET"]}}],"collection":[{"href":"https:\/\/nickyacademy.de\/tr\/wp-json\/wp\/v2\/product"}],"about":[{"href":"https:\/\/nickyacademy.de\/tr\/wp-json\/wp\/v2\/types\/product"}],"replies":[{"embeddable":true,"href":"https:\/\/nickyacademy.de\/tr\/wp-json\/wp\/v2\/comments?post=9802"}],"wp:featuredmedia":[{"embeddable":true,"href":"https:\/\/nickyacademy.de\/tr\/wp-json\/wp\/v2\/media\/7819"}],"wp:attachment":[{"href":"https:\/\/nickyacademy.de\/tr\/wp-json\/wp\/v2\/media?parent=9802"}],"wp:term":[{"taxonomy":"product_brand","embeddable":true,"href":"https:\/\/nickyacademy.de\/tr\/wp-json\/wp\/v2\/product_brand?post=9802"},{"taxonomy":"product_cat","embeddable":true,"href":"https:\/\/nickyacademy.de\/tr\/wp-json\/wp\/v2\/product_cat?post=9802"},{"taxonomy":"product_tag","embeddable":true,"href":"https:\/\/nickyacademy.de\/tr\/wp-json\/wp\/v2\/product_tag?post=9802"}],"curies":[{"name":"wp","href":"https:\/\/api.w.org\/{rel}","templated":true}]}}