{"id":8278,"date":"2025-08-22T10:11:43","date_gmt":"2025-08-22T10:11:43","guid":{"rendered":"https:\/\/nickyacademy.de\/product\/erken-matematik-seviye-1-1-5-yas-okul-oncesi-donemi-kisim-1-1-2-yil\/"},"modified":"2025-10-11T16:57:46","modified_gmt":"2025-10-11T16:57:46","slug":"erken-matematik-seviye-1-1-5-yas-okul-oncesi-donemi-kisim-1-1-2-yil","status":"publish","type":"product","link":"https:\/\/nickyacademy.de\/tr\/urun\/erken-matematik-seviye-1-1-5-yas-okul-oncesi-donemi-kisim-1-1-2-yil\/","title":{"rendered":"Erken Matematik. Seviye 1: 1-5 Ya\u015f, Okul \u00d6ncesi D\u00f6nemi. K\u0131s\u0131m 1: 1-2 Y\u0131l."},"content":{"rendered":"<p>Matematik, do\u011fumdan itibaren ya\u015fam\u0131n vazge\u00e7ilmez bir par\u00e7as\u0131d\u0131r ve \u00e7ocuklar\u0131n geli\u015fiminde kritik bir rol oynar. Say\u0131larla ilgili olman\u0131n \u00f6tesinde, matematiksel d\u00fc\u015f\u00fcnme; ele\u015ftirel d\u00fc\u015f\u00fcnme, problem \u00e7\u00f6zme ve mant\u0131ksal ak\u0131l y\u00fcr\u00fctme becerilerini geli\u015ftirir.<\/p>\n<p>\u00c7ocuklar k\u00fc\u00e7\u00fck ya\u015flardan itibaren \u00e7evrelerindeki d\u00fcnyay\u0131 ke\u015ffederken, do\u011fal olarak matematiksel kavramlarla kar\u015f\u0131la\u015f\u0131rlar: oyuncaklar\u0131 saymak, nesneleri s\u0131ralamak, \u015fekilleri tan\u0131mak veya miktarlar\u0131 kar\u015f\u0131la\u015ft\u0131rmak gibi. Bu deneyimler, onlar\u0131n erken matematiksel temellerini olu\u015fturur.<\/p>\n<p>Ders Kitab\u0131n\u0131n Ana \u00d6zellikleri<\/p>\n<p>Kapsaml\u0131 215 G\u00f6rev: Kitap, \u00e7ocuklar\u0131n bili\u015fsel geli\u015fimini desteklemek \u00fczere tasarlanm\u0131\u015f, 5 tematik b\u00f6l\u00fcmde grupland\u0131r\u0131lm\u0131\u015f toplam 215 g\u00f6rev i\u00e7ermektedir.<\/p>\n<p>G\u00f6rev Yap\u0131s\u0131: Her g\u00f6rev, Max (Maks) ve Nicky (Niki) aras\u0131ndaki bir diyalog, \u00e7ocu\u011fun yapaca\u011f\u0131 net bir eylem ve geli\u015ftirilen temel kavram\u0131 a\u00e7\u0131klayan bir b\u00f6l\u00fcmden olu\u015fur. Bu yap\u0131, hem ebeveynlere hem de \u00e7ocuklara net bir rehberlik sunar.<\/p>\n<p>Zorluk \u0130lerlemesi: Ders kitab\u0131, duyusal alg\u0131dan (B\u00f6l\u00fcm 1) ba\u015flayarak uzamsal d\u00fc\u015f\u00fcnme yetene\u011fine (B\u00f6l\u00fcm 5) kadar kademeli bir zorluk art\u0131\u015f\u0131 sunar, b\u00f6ylece \u00e7ocu\u011fun \u00f6\u011frenimi do\u011fal bir s\u00fcre\u00e7te ilerler.<\/p>\n<p>\u00c7a\u011fda\u015f Unsurlar: G\u00fcn\u00fcm\u00fcz \u00e7ocuklar\u0131n\u0131n d\u00fcnyas\u0131na hitap eden drone&#8217;lar (g\u00f6rev 2), trafik \u0131\u015f\u0131klar\u0131 (g\u00f6rev 75) ve \u00e7e\u015fitli cihazlar (g\u00f6rev 84) gibi modern temalar g\u00f6revlere entegre edilmi\u015ftir.<\/p>\n<p>Dokunsal ve Motor G\u00f6revler: Yo\u011furma (g\u00f6rev 101), dans (g\u00f6rev 105) ve emekleme (g\u00f6rev 135) gibi fiziksel aktiviteler, \u00e7ocuklar\u0131n matemati\u011fi bedenleriyle deneyimlemelerini sa\u011flayarak \u00f6\u011frenmeyi peki\u015ftirir.<\/p>\n<p>T\u00fcm g\u00f6revler, 1-2 ya\u015f aras\u0131 \u00e7ocuklar\u0131n geli\u015fim seviyelerine \u00f6zel olarak adapte edilmi\u015ftir. Bir sonraki a\u015famaya devam etmeye haz\u0131r m\u0131y\u0131z?<\/p>\n","protected":false},"excerpt":{"rendered":"<p>Erken Matematik. Seviye 1: 1-5 Ya\u015f, Okul \u00d6ncesi D\u00f6nemi. K\u0131s\u0131m 1: 1-2 Y\u0131l. (65 Sayfa)<\/p>\n<p>Erken Matematik ve \u00c7ocuk Geli\u015fimi<br \/>\n1. 1-2 Ya\u015f \u00c7ocuklar i\u00e7in Ebeveynler ve E\u011fitimcilere Y\u00f6nelik Tam Pratik Rehber. Oyun temelli rehber: 1-2 ya\u015f \u00e7ocuklar i\u00e7in ebeveynler ve e\u011fitimcilere y\u00f6nelik. Oyun, hareket ve g\u00fcnl\u00fck ya\u015famda matematik.<br \/>\n2. 1-2 Ya\u015f \u00c7ocuklar i\u00e7in Temel Matematik Becerileri Listesi (Resmi Becerilerden Ziyade Kavramlara Odaklanma)<br \/>\n3. DERS K\u0130TABI: &#8220;BE\u015e\u0130KTEN MATEMAT\u0130K&#8221; (215 G\u00d6REV)<\/p>\n<p>&nbsp;<\/p>\n","protected":false},"featured_media":10010,"comment_status":"open","ping_status":"closed","template":"","meta":[],"product_brand":[255],"product_cat":[742],"product_tag":[1431,1441,1445,1434,1435,1439,1446,1433,1430,1444,1438,1443,1432,1437,1436,1440,1442],"class_list":{"0":"post-8278","1":"product","2":"type-product","3":"status-publish","4":"has-post-thumbnail","6":"product_brand-reading-with-nicky","7":"product_cat-matematik","8":"product_tag-bebek-egitimi-1-2-yas","9":"product_tag-bilissel-gelisim","10":"product_tag-dans","11":"product_tag-ebeveyn-rehberi","12":"product_tag-egitimci-rehberi","13":"product_tag-elestirel-dusunme","14":"product_tag-emekleme","15":"product_tag-erken-cocukluk-gelisimi","16":"product_tag-erken-matematik","17":"product_tag-fiziksel-aktiviteler-yogurma-dans-etme-emekleme","18":"product_tag-gunluk-yasamda-matematik","19":"product_tag-matematik-kavramlari-resmi-becerilerle-karsilastirildiginda","20":"product_tag-okul-oncesi-egitim","21":"product_tag-oyun-temelli-ogrenme","22":"product_tag-pratik-rehber","23":"product_tag-problem-cozme","24":"product_tag-temel-beceriler","25":"pa_tip-a-indirilebilir","27":"first","28":"instock","29":"featured","30":"shipping-taxable","31":"purchasable","32":"product-type-simple"},"_links":{"self":[{"href":"https:\/\/nickyacademy.de\/tr\/wp-json\/wp\/v2\/product\/8278","targetHints":{"allow":["GET"]}}],"collection":[{"href":"https:\/\/nickyacademy.de\/tr\/wp-json\/wp\/v2\/product"}],"about":[{"href":"https:\/\/nickyacademy.de\/tr\/wp-json\/wp\/v2\/types\/product"}],"replies":[{"embeddable":true,"href":"https:\/\/nickyacademy.de\/tr\/wp-json\/wp\/v2\/comments?post=8278"}],"wp:featuredmedia":[{"embeddable":true,"href":"https:\/\/nickyacademy.de\/tr\/wp-json\/wp\/v2\/media\/10010"}],"wp:attachment":[{"href":"https:\/\/nickyacademy.de\/tr\/wp-json\/wp\/v2\/media?parent=8278"}],"wp:term":[{"taxonomy":"product_brand","embeddable":true,"href":"https:\/\/nickyacademy.de\/tr\/wp-json\/wp\/v2\/product_brand?post=8278"},{"taxonomy":"product_cat","embeddable":true,"href":"https:\/\/nickyacademy.de\/tr\/wp-json\/wp\/v2\/product_cat?post=8278"},{"taxonomy":"product_tag","embeddable":true,"href":"https:\/\/nickyacademy.de\/tr\/wp-json\/wp\/v2\/product_tag?post=8278"}],"curies":[{"name":"wp","href":"https:\/\/api.w.org\/{rel}","templated":true}]}}