{"id":8237,"date":"2025-08-22T15:02:22","date_gmt":"2025-08-22T15:02:22","guid":{"rendered":"https:\/\/nickyacademy.de\/?post_type=product&#038;p=8237"},"modified":"2025-12-01T00:03:01","modified_gmt":"2025-12-01T00:03:01","slug":"yas-cocuklari-icin-yemek-kitabi-ve-beslenme-gunlugu-1-5-yas-arasi-126-tarif","status":"publish","type":"product","link":"https:\/\/nickyacademy.de\/tr\/urun\/yas-cocuklari-icin-yemek-kitabi-ve-beslenme-gunlugu-1-5-yas-arasi-126-tarif\/","title":{"rendered":"Ya\u015f \u00c7ocuklar\u0131 i\u00e7in Yemek Kitab\u0131 ve Beslenme G\u00fcnl\u00fc\u011f\u00fc: 1-5 Ya\u015f Aras\u0131 126 Tarif"},"content":{"rendered":"<p>\u00c7ocu\u011funuzu b\u00fcy\u00fcme \u00e7a\u011f\u0131nda g\u00fcvenle besleyin! &#8220;\u00c7ocuklar\u0131n Beslenmesi&#8221;, 1 ila 5 ya\u015f aras\u0131 \u00e7ocuklar\u0131n ebeveynleri i\u00e7in tasarlanm\u0131\u015f nihai yemek kitab\u0131 ve g\u00fcnl\u00fck anne g\u00fcnl\u00fc\u011f\u00fcd\u00fcr. <\/p>\n<p>Bu kapsaml\u0131 rehber, 10 temel g\u0131da kategorisine \u00f6zenle d\u00fczenlenmi\u015f 126 lezzetli ve sa\u011fl\u0131kl\u0131 yemek sunar. Bu yap\u0131, \u00e7ocu\u011funuzun her g\u00fcn gerekli \u00e7e\u015fitlilik ve dengeli beslenme almas\u0131n\u0131 sa\u011flaman\u0131za yard\u0131mc\u0131 olarak yemek planlama tahminini ortadan kald\u0131r\u0131r. <\/p>\n<p>Bu kitab\u0131 benzersiz k\u0131lan nedir?<\/p>\n<p>&#8211; 1-5 Ya\u015f i\u00e7in 126 Tarif: K\u00fc\u00e7\u00fcklerin damak tad\u0131na ve beslenme ihtiya\u00e7lar\u0131na uyarlanm\u0131\u015f, \u00e7ocuklar\u0131n be\u011fenisini kazanm\u0131\u015f \u00e7ok \u00e7e\u015fitli yemek koleksiyonu.<br \/>\n&#8211; 10 Temel Kategori: T\u00fcm \u00f6nemli g\u0131da gruplar\u0131n\u0131 kapsayan ve beslenme \u00e7e\u015fitlili\u011fini garanti eden yemekleri kolayca planlay\u0131n.<br \/>\n&#8211; Anne G\u00fcnl\u00fc\u011f\u00fc \u0130\u00e7erir: \u00c7ocu\u011funuzun yemeklerini, tercihlerini ve tepkilerini takip etmeniz i\u00e7in \u00f6zel bir b\u00f6l\u00fcm, onlar\u0131n erken yeme ser\u00fcvenine dair de\u011ferli bir hat\u0131ra olu\u015fturur.<\/p>\n<p>\u00c7ocu\u011funuza, lezzetli oldu\u011fu kadar besleyici de olan yemeklerle en iyi ba\u015flang\u0131c\u0131 verin!<\/p>\n","protected":false},"excerpt":{"rendered":"<p>\u00c7ocu\u011funuzu b\u00fcy\u00fcme \u00e7a\u011f\u0131nda g\u00fcvenle besleyin! &#8220;\u00c7ocuklar\u0131n Beslenmesi&#8221;, 1 ila 5 ya\u015f aras\u0131 \u00e7ocuklar\u0131n ebeveynleri i\u00e7in tasarlanm\u0131\u015f nihai yemek kitab\u0131 ve g\u00fcnl\u00fck anne g\u00fcnl\u00fc\u011f\u00fcd\u00fcr. <\/p>\n<p>Bu kapsaml\u0131 rehber, 10 temel g\u0131da kategorisine \u00f6zenle d\u00fczenlenmi\u015f 126 lezzetli ve sa\u011fl\u0131kl\u0131 yemek sunar. Bu yap\u0131, \u00e7ocu\u011funuzun her g\u00fcn gerekli \u00e7e\u015fitlilik ve dengeli beslenme almas\u0131n\u0131 sa\u011flaman\u0131za yard\u0131mc\u0131 olarak yemek planlama tahminini ortadan kald\u0131r\u0131r. <\/p>\n<p>Bu kitab\u0131 benzersiz k\u0131lan nedir?<\/p>\n<p>&#8211; 1-5 Ya\u015f i\u00e7in 126 Tarif: K\u00fc\u00e7\u00fcklerin damak tad\u0131na ve beslenme ihtiya\u00e7lar\u0131na uyarlanm\u0131\u015f, \u00e7ocuklar\u0131n be\u011fenisini kazanm\u0131\u015f \u00e7ok \u00e7e\u015fitli yemek koleksiyonu.<br \/>\n&#8211; 10 Temel Kategori: T\u00fcm \u00f6nemli g\u0131da gruplar\u0131n\u0131 kapsayan ve beslenme \u00e7e\u015fitlili\u011fini garanti eden yemekleri kolayca planlay\u0131n.<br \/>\n&#8211; Anne G\u00fcnl\u00fc\u011f\u00fc \u0130\u00e7erir: \u00c7ocu\u011funuzun yemeklerini, tercihlerini ve tepkilerini takip etmeniz i\u00e7in \u00f6zel bir b\u00f6l\u00fcm, onlar\u0131n erken yeme ser\u00fcvenine dair de\u011ferli bir hat\u0131ra olu\u015fturur.<\/p>\n<p>\u00c7ocu\u011funuza, lezzetli oldu\u011fu kadar besleyici de olan yemeklerle en iyi ba\u015flang\u0131c\u0131 verin!<\/p>\n","protected":false},"featured_media":8330,"comment_status":"open","ping_status":"closed","template":"","meta":[],"product_brand":[255],"product_cat":[1274],"product_tag":[1450,1451,1452,1455,1384,1449,1454,1453,1456],"class_list":{"0":"post-8237","1":"product","2":"type-product","3":"status-publish","4":"has-post-thumbnail","6":"product_brand-reading-with-nicky","7":"product_cat-aile","8":"product_tag-1-yasinda-cocuklar-icin-yemekler","9":"product_tag-2-yasinda-cocuklar-icin-yemekler","10":"product_tag-3-yasinda-cocuklar-icin-yemekler","11":"product_tag-anne-yemek-gunlugu","12":"product_tag-annenin-gunlugu","13":"product_tag-bebek-yemek-kitabi","14":"product_tag-saglikli-cocuk-tarifleri","15":"product_tag-secici-yiyiciler-icin-cozumler","16":"product_tag-sutten-kesme-tarifleri","17":"pa_tip-a-indirilebilir","19":"first","20":"instock","21":"featured","22":"downloadable","23":"shipping-taxable","24":"purchasable","25":"product-type-simple"},"_links":{"self":[{"href":"https:\/\/nickyacademy.de\/tr\/wp-json\/wp\/v2\/product\/8237","targetHints":{"allow":["GET"]}}],"collection":[{"href":"https:\/\/nickyacademy.de\/tr\/wp-json\/wp\/v2\/product"}],"about":[{"href":"https:\/\/nickyacademy.de\/tr\/wp-json\/wp\/v2\/types\/product"}],"replies":[{"embeddable":true,"href":"https:\/\/nickyacademy.de\/tr\/wp-json\/wp\/v2\/comments?post=8237"}],"wp:featuredmedia":[{"embeddable":true,"href":"https:\/\/nickyacademy.de\/tr\/wp-json\/wp\/v2\/media\/8330"}],"wp:attachment":[{"href":"https:\/\/nickyacademy.de\/tr\/wp-json\/wp\/v2\/media?parent=8237"}],"wp:term":[{"taxonomy":"product_brand","embeddable":true,"href":"https:\/\/nickyacademy.de\/tr\/wp-json\/wp\/v2\/product_brand?post=8237"},{"taxonomy":"product_cat","embeddable":true,"href":"https:\/\/nickyacademy.de\/tr\/wp-json\/wp\/v2\/product_cat?post=8237"},{"taxonomy":"product_tag","embeddable":true,"href":"https:\/\/nickyacademy.de\/tr\/wp-json\/wp\/v2\/product_tag?post=8237"}],"curies":[{"name":"wp","href":"https:\/\/api.w.org\/{rel}","templated":true}]}}