{"id":6937,"date":"2025-06-19T11:14:44","date_gmt":"2025-06-19T11:14:44","guid":{"rendered":"https:\/\/nickyacademy.de\/product\/where-is-nickys-ball-1-4-topum-nerede-1-4\/"},"modified":"2025-12-01T00:02:34","modified_gmt":"2025-12-01T00:02:34","slug":"where-is-nickys-ball-1-4-topum-nerede-1-4","status":"publish","type":"product","link":"https:\/\/nickyacademy.de\/tr\/urun\/where-is-nickys-ball-1-4-topum-nerede-1-4\/","title":{"rendered":"Where is Nicky&#8217;s Ball? (1.4) (Topum nerede?)"},"content":{"rendered":"<p>Sevgili ebeveynler ve \u00f6\u011fretmenler!<\/p>\n<p>Bu okuma program\u0131 hakk\u0131nda:<br \/>\nBu hikayeleri be\u011fenece\u011finizi ve okuma yolculu\u011funa ba\u015flarken \u00e7ocu\u011funuzla birlikte e\u011flenece\u011finizi umuyoruz.<\/p>\n<p>\u00c7ocuklar kendi h\u0131zlar\u0131nda \u00f6\u011frenirler, bu nedenle her \u00f6yk\u00fcy\u00fc sessiz ve rahat bir ortamda tekrarlayarak okumak i\u00e7in zaman ay\u0131r\u0131n. \u00c7ocu\u011funuzu, resimler ve kelimeler aras\u0131nda ba\u011flant\u0131 kurmas\u0131 i\u00e7in te\u015fvik edin. Hikayeleri anlaml\u0131 k\u0131lmak i\u00e7in \u00e7ocu\u011funuzun benzer tecr\u00fcbeleri, hat\u0131ralar\u0131 hakk\u0131nda konu\u015fun. Okumay\u0131, ezberlemeyi, yazmay\u0131, renklendirmeyi, cevap vermeyi ve daha bir\u00e7ok \u00f6nemli okuma becerisini \u00f6\u011freneceklerdir.<br \/>\nAna karakter Nicky. Annesi ve babas\u0131n\u0131n yan\u0131 s\u0131ra abisi Max ve ablas\u0131 Helen da vard\u0131r. Ayr\u0131ca, Dominic ad\u0131nda bir k\u00f6pekleri ve Backstream ad\u0131nda bir kedileri vard\u0131r.<\/p>\n<p>Her tak\u0131m \u015funlar\u0131 i\u00e7erir:<\/p>\n<p>1. Nicky ile Okuma serisinden bir okuma kitab\u0131<br \/>\nHer yeni kitab\u0131 \u00e7ocu\u011funuzla birlikte okuman\u0131z\u0131 \u00f6neririz. Sonra ses kayd\u0131n\u0131 dinleyin ve videoyu izleyin. \u00c7ocu\u011funuz zorland\u0131\u011f\u0131nda yard\u0131m teklif ederek, kitab\u0131 kendi ba\u015f\u0131na okumas\u0131 i\u00e7in onu te\u015fvik edin.<\/p>\n<p>2. Nicky ile Okuma serisindeki kitap i\u00e7in ses kayd\u0131 ve video<br \/>\nVideoyu izlemek i\u00e7in kitab\u0131n arka kapa\u011f\u0131ndaki QR kodunu taray\u0131n.<\/p>\n<p>3. Kelimeler ve Harfler serisinden bir al\u0131\u015ft\u0131rma kitab\u0131<br \/>\nKitab\u0131 okuduktan sonra, \u00e7ocu\u011funuzla birlikte her resimdeki s\u00f6zc\u00fckleri okumaya \u00e7al\u0131\u015fman\u0131z\u0131 \u00f6neririz. Daha sonra \u00e7ocu\u011funuzun kelimelerde hangi harflerin eksik oldu\u011funu bulmas\u0131na yard\u0131mc\u0131 olun.<\/p>\n<p>4. &#8220;Ben resim yap\u0131yorum&#8221; serisinden boyama kitab\u0131<br \/>\n&#8220;Ben resim yap\u0131yorum&#8221; serisinden boyama kitab\u0131\u00c7ocu\u011funuzu boyama kitab\u0131n\u0131n her sayfas\u0131ndaki resimleri ve kelimeleri boyamaya davet edin.<\/p>\n<p>5. Aile veya s\u0131n\u0131f etkinlikleri i\u00e7in \u00f6neriler<br \/>\nBurada okuma materyalinin ayr\u0131nt\u0131l\u0131 a\u00e7\u0131klamalar\u0131n\u0131, hikaye hakk\u0131nda bilgileri ve \u00e7ocu\u011funuzun okudu\u011funu anlama becerilerini geli\u015ftirmesine yard\u0131mc\u0131 olmak i\u00e7in sorabilece\u011finiz sorular\u0131 bulacaks\u0131n\u0131z.<\/p>\n<p>Her biri 8 sayfadan olu\u015fan ve renkli kapaklara sahip 4 kitab\u0131n yan\u0131 s\u0131ra bir de audio video kitap alacaks\u0131n\u0131z.<\/p>\n","protected":false},"excerpt":{"rendered":"<p>Nicky oyun odas\u0131nda. Topunu bulam\u0131yor. Oda darmada\u011f\u0131n\u0131k. Oyuncaklar &#8211; k\u00fcpler, arabalar, yula &#8211; yerde yat\u0131yor. Nicky topunu bulmak istiyor, b\u00f6ylece onunla oynayabilecek.<br \/>\nKapakta, odan\u0131n ortas\u0131nda duran ve topunun nerede oldu\u011funu bilmeyen \u015fa\u015fk\u0131n bir Nicky g\u00f6r\u00fcl\u00fcyor.<\/p>\n<p>Her tak\u0131m \u015funlar\u0131 i\u00e7erir:<\/p>\n<p>1. Nicky ile Okuma serisinden bir okuma kitab\u0131<br \/>\n2. Nicky ile Okuma serisindeki kitap i\u00e7in ses kayd\u0131 ve video<br \/>\n(Videoyu izlemek i\u00e7in kitab\u0131n arka kapa\u011f\u0131ndaki QR kodunu taray\u0131n.)<br \/>\n3. Kelimeler ve Harfler serisinden bir al\u0131\u015ft\u0131rma kitab\u0131<br \/>\n4. &#8220;Ben resim yap\u0131yorum&#8221; serisinden boyama kitab\u0131<br \/>\n5. Aile veya s\u0131n\u0131f etkinlikleri i\u00e7in \u00f6neriler<\/p>\n","protected":false},"featured_media":6924,"comment_status":"open","ping_status":"closed","template":"","meta":[],"product_brand":[255],"product_cat":[723,725],"product_tag":[1418,1419],"class_list":{"0":"post-6937","1":"product","2":"type-product","3":"status-publish","4":"has-post-thumbnail","6":"product_brand-reading-with-nicky","7":"product_cat-nicky-ile-okuma-setleri","8":"product_cat-okuma","9":"product_tag-okuma-tr","10":"product_tag-okumayi-ogren","11":"pa_tip-b-basili","13":"first","14":"instock","15":"shipping-taxable","16":"purchasable","17":"product-type-simple"},"_links":{"self":[{"href":"https:\/\/nickyacademy.de\/tr\/wp-json\/wp\/v2\/product\/6937","targetHints":{"allow":["GET"]}}],"collection":[{"href":"https:\/\/nickyacademy.de\/tr\/wp-json\/wp\/v2\/product"}],"about":[{"href":"https:\/\/nickyacademy.de\/tr\/wp-json\/wp\/v2\/types\/product"}],"replies":[{"embeddable":true,"href":"https:\/\/nickyacademy.de\/tr\/wp-json\/wp\/v2\/comments?post=6937"}],"wp:featuredmedia":[{"embeddable":true,"href":"https:\/\/nickyacademy.de\/tr\/wp-json\/wp\/v2\/media\/6924"}],"wp:attachment":[{"href":"https:\/\/nickyacademy.de\/tr\/wp-json\/wp\/v2\/media?parent=6937"}],"wp:term":[{"taxonomy":"product_brand","embeddable":true,"href":"https:\/\/nickyacademy.de\/tr\/wp-json\/wp\/v2\/product_brand?post=6937"},{"taxonomy":"product_cat","embeddable":true,"href":"https:\/\/nickyacademy.de\/tr\/wp-json\/wp\/v2\/product_cat?post=6937"},{"taxonomy":"product_tag","embeddable":true,"href":"https:\/\/nickyacademy.de\/tr\/wp-json\/wp\/v2\/product_tag?post=6937"}],"curies":[{"name":"wp","href":"https:\/\/api.w.org\/{rel}","templated":true}]}}