{"id":6674,"date":"2025-04-16T19:56:47","date_gmt":"2025-04-16T19:56:47","guid":{"rendered":"https:\/\/nickyacademy.de\/product\/buyuk-boyama-kitabi-seviye-1\/"},"modified":"2025-12-01T00:02:31","modified_gmt":"2025-12-01T00:02:31","slug":"buyuk-boyama-kitabi-seviye-1","status":"publish","type":"product","link":"https:\/\/nickyacademy.de\/tr\/urun\/buyuk-boyama-kitabi-seviye-1\/","title":{"rendered":"Big Colouring Book Level 1 (B\u00fcy\u00fck boyama kitab\u0131 Serviye 1)"},"content":{"rendered":"<p>Sevgili ebeveynler ve \u00f6\u011fretmenler!<\/p>\n<p>Bu okuma program\u0131 hakk\u0131nda:<\/p>\n<p>Bu hikayeleri be\u011fenece\u011finizi ve okuma yolculu\u011funa ba\u015flarken \u00e7ocu\u011funuzla birlikte e\u011flenece\u011finizi umuyoruz.<\/p>\n<p>\u00c7ocuklar kendi h\u0131zlar\u0131nda \u00f6\u011frenirler, bu nedenle her \u00f6yk\u00fcy\u00fc sessiz ve rahat bir ortamda tekrarlayarak okumak i\u00e7in zaman ay\u0131r\u0131n. \u00c7ocu\u011funuzu, resimler ve kelimeler aras\u0131nda ba\u011flant\u0131 kurmas\u0131 i\u00e7in te\u015fvik edin. Hikayeleri anlaml\u0131 k\u0131lmak i\u00e7in \u00e7ocu\u011funuzun benzer tecr\u00fcbeleri, hat\u0131ralar\u0131 hakk\u0131nda konu\u015fun. Okumay\u0131, ezberlemeyi, yazmay\u0131, renklendirmeyi, cevap vermeyi ve daha bir\u00e7ok \u00f6nemli okuma becerisini \u00f6\u011freneceklerdir.<\/p>\n<p>Ana karakter Nicky. Annesi ve babas\u0131n\u0131n yan\u0131 s\u0131ra abisi Max ve ablas\u0131 Helen da vard\u0131r. Ayr\u0131ca, Dominic ad\u0131nda bir k\u00f6pekleri ve Backstream ad\u0131nda bir kedileri vard\u0131r.<\/p>\n<p>Her tak\u0131m \u015funlar\u0131 i\u00e7erir:<\/p>\n<p>1. Nicky ile Okuma serisinden bir okuma kitab\u0131<br \/>\nHer yeni kitab\u0131 \u00e7ocu\u011funuzla birlikte okuman\u0131z\u0131 \u00f6neririz. Sonra ses kayd\u0131n\u0131 dinleyin ve videoyu izleyin. \u00c7ocu\u011funuz zorland\u0131\u011f\u0131nda yard\u0131m teklif ederek, kitab\u0131 kendi ba\u015f\u0131na okumas\u0131 i\u00e7in onu te\u015fvik edin.<\/p>\n<p>2. Nicky ile Okuma serisindeki kitap i\u00e7in ses kayd\u0131 ve video<br \/>\nVideoyu izlemek i\u00e7in kitab\u0131n arka kapa\u011f\u0131ndaki QR kodunu taray\u0131n.<\/p>\n<p>3. Kelimeler ve Harfler serisinden bir al\u0131\u015ft\u0131rma kitab\u0131<br \/>\nKitab\u0131 okuduktan sonra, \u00e7ocu\u011funuzla birlikte her resimdeki s\u00f6zc\u00fckleri okumaya \u00e7al\u0131\u015fman\u0131z\u0131 \u00f6neririz. Daha sonra \u00e7ocu\u011funuzun kelimelerde hangi harflerin eksik oldu\u011funu bulmas\u0131na yard\u0131mc\u0131 olun.<\/p>\n<p>4. &#8220;Ben resim yap\u0131yorum&#8221; serisinden boyama kitab\u0131<br \/>\n&#8220;Ben resim yap\u0131yorum&#8221; serisinden boyama kitab\u0131\u00c7ocu\u011funuzu boyama kitab\u0131n\u0131n her sayfas\u0131ndaki resimleri ve kelimeleri boyamaya davet edin.<\/p>\n<p>5. Aile veya s\u0131n\u0131f etkinlikleri i\u00e7in \u00f6neriler<br \/>\nBurada okuma materyalinin ayr\u0131nt\u0131l\u0131 a\u00e7\u0131klamalar\u0131n\u0131, hikaye hakk\u0131nda bilgileri ve \u00e7ocu\u011funuzun okudu\u011funu anlama becerilerini geli\u015ftirmesine yard\u0131mc\u0131 olmak i\u00e7in sorabilece\u011finiz sorular\u0131 bulacaks\u0131n\u0131z.<\/p>\n<p>&nbsp;<\/p>\n<p>&nbsp;<\/p>\n","protected":false},"excerpt":{"rendered":"<p>\u201cBen Resim Yap\u0131yorum&#8221; serisinden b\u00fcy\u00fck bir boyama kitab\u0131. \u0130ngilizce versiyonu. Seviye 1. 52 Sayfa.<br \/>\n\u00c7ocu\u011funuzun boyama kitab\u0131n\u0131n her sayfas\u0131ndaki resimleri ve kelimeleri boyamas\u0131n\u0131 sa\u011flay\u0131n.<\/p>\n","protected":false},"featured_media":7193,"comment_status":"open","ping_status":"closed","template":"","meta":[],"product_brand":[255],"product_cat":[732],"product_tag":[1425,1422,1423,1426,1418,1419,1420,1421,1424],"class_list":{"0":"post-6674","1":"product","2":"type-product","3":"status-publish","4":"has-post-thumbnail","6":"product_brand-reading-with-nicky","7":"product_cat-ben-resim-yapiyorum","8":"product_tag-ben-basacagim","9":"product_tag-gunun-resmi","10":"product_tag-mutlu-zaman","11":"product_tag-nicky-ile-resim-yapmak","12":"product_tag-okuma-tr","13":"product_tag-okumayi-ogren","14":"product_tag-resim","15":"product_tag-resimler","16":"product_tag-suluboya-resim","17":"pa_tip-b-basili","19":"first","20":"instock","21":"shipping-taxable","22":"purchasable","23":"product-type-simple"},"_links":{"self":[{"href":"https:\/\/nickyacademy.de\/tr\/wp-json\/wp\/v2\/product\/6674","targetHints":{"allow":["GET"]}}],"collection":[{"href":"https:\/\/nickyacademy.de\/tr\/wp-json\/wp\/v2\/product"}],"about":[{"href":"https:\/\/nickyacademy.de\/tr\/wp-json\/wp\/v2\/types\/product"}],"replies":[{"embeddable":true,"href":"https:\/\/nickyacademy.de\/tr\/wp-json\/wp\/v2\/comments?post=6674"}],"wp:featuredmedia":[{"embeddable":true,"href":"https:\/\/nickyacademy.de\/tr\/wp-json\/wp\/v2\/media\/7193"}],"wp:attachment":[{"href":"https:\/\/nickyacademy.de\/tr\/wp-json\/wp\/v2\/media?parent=6674"}],"wp:term":[{"taxonomy":"product_brand","embeddable":true,"href":"https:\/\/nickyacademy.de\/tr\/wp-json\/wp\/v2\/product_brand?post=6674"},{"taxonomy":"product_cat","embeddable":true,"href":"https:\/\/nickyacademy.de\/tr\/wp-json\/wp\/v2\/product_cat?post=6674"},{"taxonomy":"product_tag","embeddable":true,"href":"https:\/\/nickyacademy.de\/tr\/wp-json\/wp\/v2\/product_tag?post=6674"}],"curies":[{"name":"wp","href":"https:\/\/api.w.org\/{rel}","templated":true}]}}