{"id":10617,"date":"2025-11-04T19:41:39","date_gmt":"2025-11-04T19:41:39","guid":{"rendered":"https:\/\/nickyacademy.de\/product\/muzik-evrenleri-1-dj-kulup-kulturu-sen-bir-djsin-muzik-evrenleri-1-dj-kulup-kulturu\/"},"modified":"2025-11-17T00:00:58","modified_gmt":"2025-11-17T00:00:58","slug":"muzik-evrenleri-1-dj-kulup-kulturu-sen-bir-djsin-muzik-evrenleri-1-dj-kulup-kulturu","status":"publish","type":"product","link":"https:\/\/nickyacademy.de\/tr\/urun\/muzik-evrenleri-1-dj-kulup-kulturu-sen-bir-djsin-muzik-evrenleri-1-dj-kulup-kulturu\/","title":{"rendered":"M\u00fczik Evrenleri 1: DJ &amp; Kul\u00fcp K\u00fclt\u00fcr\u00fc. Sen bir DJ&#8217;sin. (Music Universes 1: DJ and Club Culture. You are a DJ)"},"content":{"rendered":"<p>Music Universes 1: DJ &amp; Club Culture. Sen bir DJ&#8217;sin: House&#8217;dan hype&#8217;a: M\u00fczi\u011finin hikayesi<\/p>\n<p>GELECE\u011e\u0130N ANS\u0130KLOPED\u0130S\u0130: MODERN M\u00dcZ\u0130K EVREN\u0130N\u0130N HAR\u0130TASINI NASIL \u00c7IKARDIK<br \/>\n&#8220;The only way to make sense out of change is to plunge into it, move with it, and join the dance.&#8221; \u2014 Alan Watts<\/p>\n<p>Giri\u015f: Misyonumuz Tamamland\u0131<br \/>\nNicky Akademi b\u00fcnyesinde bu projeye ba\u015flad\u0131\u011f\u0131m\u0131zda, amac\u0131m\u0131z sadece t\u00fcrleri ve olgular\u0131 s\u0131ralamak de\u011fildi. \u00d6n\u00fcm\u00fcze iddial\u0131 ve g\u00f6r\u00fcn\u00fc\u015fte imkans\u0131z bir g\u00f6rev koymu\u015ftuk: t\u00fcm modern kul\u00fcp k\u00fclt\u00fcr\u00fcn\u00fcn canl\u0131, nefes alan bir haritas\u0131n\u0131 olu\u015fturmak. Bu haritada sadece ana k\u0131talar\u0131n de\u011fil, en uzak ama etkili adalar\u0131n da i\u015faretlenmesini istedik. Ba\u015flang\u0131\u00e7 seviyesindeki bir DJ, merakl\u0131 bir m\u00fcziksever veya deneyimli bir prod\u00fckt\u00f6r olsun, herhangi bir gezginin elektronik ses d\u00fcnyas\u0131nda kendi benzersiz rotas\u0131n\u0131 \u00e7izebilece\u011fi bir harita.<\/p>\n<p>Bug\u00fcn, yap\u0131lan \u00e7al\u0131\u015fmaya gururla d\u00f6n\u00fcp bakt\u0131\u011f\u0131m\u0131zda, misyonun tamamland\u0131\u011f\u0131n\u0131 g\u00fcvenle s\u00f6yleyebiliriz. Bu kitap sadece bir b\u00f6l\u00fcm koleksiyonu de\u011fil. Modern metropollerin kalp at\u0131\u015f\u0131n\u0131 belirleyen m\u00fczik hakk\u0131ndaki bilgiyi sistematize eden temel bir eserdir. Bu eser, m\u00fczi\u011fin sadece bir dinleme aktivitesi olmaktan \u00e7\u0131k\u0131p, bir ya\u015fam tarz\u0131, bir ifade bi\u00e7imi ve k\u00fclt\u00fcrel bir g\u00fc\u00e7 haline geldi\u011fi g\u00fcn\u00fcm\u00fcz d\u00fcnyas\u0131n\u0131 anlamak i\u00e7in bir k\u0131lavuz niteli\u011findedir.<\/p>\n<p>Ansiklopedinin G\u00fcc\u00fc: Rakamlarla Bir Bak\u0131\u015f<br \/>\nNicky Akademi&#8217;nin bu kapsaml\u0131 projesi, modern m\u00fczik evreninin derinliklerine inerek sadece teorik bilgi sunmakla kalm\u0131yor, ayn\u0131 zamanda say\u0131sal verilerle de ne kadar geni\u015f bir alan\u0131 kapsad\u0131\u011f\u0131n\u0131 g\u00f6zler \u00f6n\u00fcne seriyor. Bu ansiklopedi, kul\u00fcp k\u00fclt\u00fcr\u00fcn\u00fcn zenginli\u011fini ve \u00e7e\u015fitlili\u011fini nicel olarak da kan\u0131tlayan bir ba\u015far\u0131 hikayesidir.<\/p>\n<p>\u0130nceleme Alt\u0131na Al\u0131nan T\u00fcr<br \/>\nElectro&#8217;nun kozmik funk&#8217;\u0131ndan Kawaii Future Bass&#8217;\u0131n \u015fekerli patlamalar\u0131na, Witch House&#8217;un karanl\u0131k ritimlerinden UK Bass&#8217;\u0131n enerjik nabz\u0131na kadar.<\/p>\n<p>Kapsaml\u0131 B\u00f6l\u00fcm: 35<br \/>\nModern m\u00fczik d\u00fcnyas\u0131na dair her detay\u0131 ele alan, derinlemesine analizlerle dolu b\u00f6l\u00fcm.<\/p>\n<p>\u0130nceleme Alt\u0131na Al\u0131nan T\u00fcr: 30+<br \/>\nElectro&#8217;nun kozmik funk&#8217;\u0131ndan Kawaii Future Bass&#8217;\u0131n \u015fekerli patlamalar\u0131na, Witch House&#8217;un karanl\u0131k ritimlerinden UK Bass&#8217;\u0131n enerjik nabz\u0131na kadar.<\/p>\n<p>B\u00f6lgesel Sahne: 8<br \/>\nAfrika&#8217;dan Gqom ve Amapiano&#8217;nun yan\u0131 s\u0131ra, Anadolu Elektronik M\u00fczi\u011fi gibi geli\u015fmekte olan kilit b\u00f6lgesel sahnelere \u00f6zel vurgu.<\/p>\n<p>\u00d6zenle Se\u00e7ilmi\u015f Par\u00e7a: 500<br \/>\n\u00c7a\u011f\u0131n alt\u0131n fonunu olu\u015fturan ve dinleyiciler i\u00e7in haz\u0131r bir m\u00fczikal yolculuk sunan ba\u015fyap\u0131tlar.<\/p>\n<p>10 Haftal\u0131k DJ Kursu<br \/>\nTeoriyi prati\u011fe d\u00f6n\u00fc\u015ft\u00fcren, hevesi pikaplar\u0131n ard\u0131nda \u00f6zg\u00fcvene \u00e7eviren kapsaml\u0131 rehber.<\/p>\n<p>Bu rakamlar, Nicky Akademi&#8217;nin sadece bir bilgi kayna\u011f\u0131 de\u011fil, ayn\u0131 zamanda DJ&#8217;lik kariyerine ba\u015flamak ve m\u00fczikal ufuklar\u0131n\u0131 geni\u015fletmek isteyen herkes i\u00e7in vazge\u00e7ilmez bir k\u0131lavuz oldu\u011funun g\u00f6stergesidir.<\/p>\n<p>Her bir say\u0131, modern m\u00fczik k\u00fclt\u00fcr\u00fcn\u00fcn karma\u015f\u0131k dokusunu \u00e7\u00f6zmek i\u00e7in harcanan eme\u011fi ve tutkuyu temsil etmektedir.<\/p>\n","protected":false},"excerpt":{"rendered":"<p>Music Universes 1: DJ &amp; Club Culture. Sen bir DJ&#8217;sin: House&#8217;dan hype&#8217;a: M\u00fczi\u011finin hikayesi (Sayfa: 400+)<\/p>\n<p>GELECE\u011e\u0130N ANS\u0130KLOPED\u0130S\u0130: MODERN M\u00dcZ\u0130K EVREN\u0130N\u0130N HAR\u0130TASINI NASIL \u00c7IKARDIK<br \/>\n&#8220;The only way to make sense out of change is to plunge into it, move with it, and join the dance.&#8221; \u2014 Alan Watts<\/p>\n<p>Ansiklopedinin G\u00fcc\u00fc: Rakamlarla Bir Bak\u0131\u015f<br \/>\nNicky Akademi&#8217;nin bu kapsaml\u0131 projesi, modern m\u00fczik evreninin derinliklerine inerek sadece teorik bilgi sunmakla kalm\u0131yor, ayn\u0131 zamanda say\u0131sal verilerle de ne kadar geni\u015f bir alan\u0131 kapsad\u0131\u011f\u0131n\u0131 g\u00f6zler \u00f6n\u00fcne seriyor. Bu ansiklopedi, kul\u00fcp k\u00fclt\u00fcr\u00fcn\u00fcn zenginli\u011fini ve \u00e7e\u015fitlili\u011fini nicel olarak da kan\u0131tlayan bir ba\u015far\u0131 hikayesidir.<\/p>\n<p>\u0130nceleme Alt\u0131na Al\u0131nan T\u00fcr<br \/>\nElectro&#8217;nun kozmik funk&#8217;\u0131ndan Kawaii Future Bass&#8217;\u0131n \u015fekerli patlamalar\u0131na, Witch House&#8217;un karanl\u0131k ritimlerinden UK Bass&#8217;\u0131n enerjik nabz\u0131na kadar.<\/p>\n<p>Kapsaml\u0131 B\u00f6l\u00fcm: 35<br \/>\nModern m\u00fczik d\u00fcnyas\u0131na dair her detay\u0131 ele alan, derinlemesine analizlerle dolu b\u00f6l\u00fcm.<\/p>\n<p>\u0130nceleme Alt\u0131na Al\u0131nan T\u00fcr: 30+<br \/>\nElectro&#8217;nun kozmik funk&#8217;\u0131ndan Kawaii Future Bass&#8217;\u0131n \u015fekerli patlamalar\u0131na, Witch House&#8217;un karanl\u0131k ritimlerinden UK Bass&#8217;\u0131n enerjik nabz\u0131na kadar.<\/p>\n<p>B\u00f6lgesel Sahne: 8<br \/>\nAfrika&#8217;dan Gqom ve Amapiano&#8217;nun yan\u0131 s\u0131ra, Anadolu Elektronik M\u00fczi\u011fi gibi geli\u015fmekte olan kilit b\u00f6lgesel sahnelere \u00f6zel vurgu.<\/p>\n<p>\u00d6zenle Se\u00e7ilmi\u015f Par\u00e7a: 500<br \/>\n\u00c7a\u011f\u0131n alt\u0131n fonunu olu\u015fturan ve dinleyiciler i\u00e7in haz\u0131r bir m\u00fczikal yolculuk sunan ba\u015fyap\u0131tlar.<\/p>\n<p>10 Haftal\u0131k DJ Kursu<br \/>\nTeoriyi prati\u011fe d\u00f6n\u00fc\u015ft\u00fcren, hevesi pikaplar\u0131n ard\u0131nda \u00f6zg\u00fcvene \u00e7eviren kapsaml\u0131 rehber.<\/p>\n<p>Bu rakamlar, Nicky Akademi&#8217;nin sadece bir bilgi kayna\u011f\u0131 de\u011fil, ayn\u0131 zamanda DJ&#8217;lik kariyerine ba\u015flamak ve m\u00fczikal ufuklar\u0131n\u0131 geni\u015fletmek isteyen herkes i\u00e7in vazge\u00e7ilmez bir k\u0131lavuz oldu\u011funun g\u00f6stergesidir. Her bir say\u0131, modern m\u00fczik k\u00fclt\u00fcr\u00fcn\u00fcn karma\u015f\u0131k dokusunu \u00e7\u00f6zmek i\u00e7in harcanan eme\u011fi ve tutkuyu temsil etmektedir.<\/p>\n<p>PDF Sunumunu \u0130zleyin:<a href=\"https:\/\/nickyacademy.de\/wp-content\/uploads\/2025\/11\/M1-0-DJT.pdf\">M1-0-DJT<\/a><\/p>\n","protected":false},"featured_media":10616,"comment_status":"open","ping_status":"closed","template":"","meta":[],"product_brand":[1652],"product_cat":[1651,750],"product_tag":[1644,1639,1641,1646,1640,1648,1642,1643,1645,1649,1647],"class_list":{"0":"post-10617","1":"product","2":"type-product","3":"status-publish","4":"has-post-thumbnail","6":"product_brand-nickyphonics","7":"product_cat-muzik","8":"product_cat-sanat-sosyal-bilgiler","9":"product_tag-baslangic-seviyesi-dj","10":"product_tag-dj-rehberi","11":"product_tag-elektronik-muzik","12":"product_tag-house-tr","13":"product_tag-kulup-kulturu","14":"product_tag-kulup-muzigi","15":"product_tag-muzik-ansiklopedisi","16":"product_tag-muzik-produksiyonu","17":"product_tag-muzik-turleri","18":"product_tag-nicky-akademi-tr","19":"product_tag-techno-tr","20":"pa_tip-b-basili","22":"first","23":"instock","24":"featured","25":"shipping-taxable","26":"purchasable","27":"product-type-simple"},"_links":{"self":[{"href":"https:\/\/nickyacademy.de\/tr\/wp-json\/wp\/v2\/product\/10617","targetHints":{"allow":["GET"]}}],"collection":[{"href":"https:\/\/nickyacademy.de\/tr\/wp-json\/wp\/v2\/product"}],"about":[{"href":"https:\/\/nickyacademy.de\/tr\/wp-json\/wp\/v2\/types\/product"}],"replies":[{"embeddable":true,"href":"https:\/\/nickyacademy.de\/tr\/wp-json\/wp\/v2\/comments?post=10617"}],"wp:featuredmedia":[{"embeddable":true,"href":"https:\/\/nickyacademy.de\/tr\/wp-json\/wp\/v2\/media\/10616"}],"wp:attachment":[{"href":"https:\/\/nickyacademy.de\/tr\/wp-json\/wp\/v2\/media?parent=10617"}],"wp:term":[{"taxonomy":"product_brand","embeddable":true,"href":"https:\/\/nickyacademy.de\/tr\/wp-json\/wp\/v2\/product_brand?post=10617"},{"taxonomy":"product_cat","embeddable":true,"href":"https:\/\/nickyacademy.de\/tr\/wp-json\/wp\/v2\/product_cat?post=10617"},{"taxonomy":"product_tag","embeddable":true,"href":"https:\/\/nickyacademy.de\/tr\/wp-json\/wp\/v2\/product_tag?post=10617"}],"curies":[{"name":"wp","href":"https:\/\/api.w.org\/{rel}","templated":true}]}}