{"id":10580,"date":"2025-10-16T11:16:30","date_gmt":"2025-10-16T11:16:30","guid":{"rendered":"https:\/\/nickyacademy.de\/product\/yose-yonelik-kapsamli-yogun-hazirlik-kursu-kazakh-comprehensive-intensive-yos-preparation-course-kazakh-edition\/"},"modified":"2025-10-16T11:40:12","modified_gmt":"2025-10-16T11:40:12","slug":"yose-yonelik-kapsamli-yogun-hazirlik-kursu-kazakh-comprehensive-intensive-yos-preparation-course-kazakh-edition","status":"publish","type":"product","link":"https:\/\/nickyacademy.de\/tr\/urun\/yose-yonelik-kapsamli-yogun-hazirlik-kursu-kazakh-comprehensive-intensive-yos-preparation-course-kazakh-edition\/","title":{"rendered":"Y\u00d6S\u2019e y\u00f6nelik kapsaml\u0131 yo\u011fun haz\u0131rl\u0131k kursu (Kazakh) (Comprehensive Intensive Y\u00d6S Preparat\u0131on Course Kazakh edition)"},"content":{"rendered":"<p>T\u00fcrk \u015firketi Nicky Akademi, \u0130stanbul&#8217;da farkl\u0131 dillerde Y\u00d6S s\u0131nav\u0131na y\u00f6nelik kapsaml\u0131 bir yo\u011fun haz\u0131rl\u0131k kursu yay\u0131nlad\u0131.<\/p>\n<p>Bu kapsaml\u0131 ders kitab\u0131, ba\u015fvuru sahiplerinin t\u00fcm ihtiya\u00e7lar\u0131 g\u00f6z \u00f6n\u00fcnde bulundurularak haz\u0131rlanm\u0131\u015ft\u0131r ve etkili bir \u00e7al\u0131\u015fma i\u00e7in ideal bir temel olu\u015fturmaktad\u0131r.<\/p>\n<p>Kursumuzu haz\u0131rl\u0131k i\u00e7in vazge\u00e7ilmez bir ara\u00e7 yapan nedir?<\/p>\n<p>1080 sayfal\u0131k yap\u0131land\u0131r\u0131lm\u0131\u015f ve anla\u015f\u0131l\u0131r teori ve uygulama.<br \/>\nG\u00f6revlerin derinlemesine analizi: 3500 g\u00f6rev, cevaplar ve \u00e7\u00f6z\u00fcmlerle ayr\u0131nt\u0131l\u0131 olarak analiz edilerek, \u00f6\u011frencilerin cevab\u0131 ezberlemek yerine \u00e7\u00f6z\u00fcm\u00fcn prensibini anlamalar\u0131n\u0131 sa\u011flar.<br \/>\nBol bol al\u0131\u015ft\u0131rma: \u00c7\u00f6z\u00fcml\u00fc 40 tam uzunlukta test + konuyu peki\u015ftirmek i\u00e7in 15 al\u0131\u015ft\u0131rma ve s\u00fcper zor test.<br \/>\nNet yap\u0131: T\u00fcm materyal 6 mod\u00fcl ve 5 b\u00f6l\u00fcme ayr\u0131lm\u0131\u015ft\u0131r, b\u00f6ylece t\u00fcm konular\u0131n tutarl\u0131 ve mant\u0131kl\u0131 bir \u015fekilde \u00e7al\u0131\u015f\u0131lmas\u0131 sa\u011flan\u0131r.<br \/>\nTam destek: Kurallar, programlar ve haz\u0131rl\u0131k programlar\u0131 \u00f6\u011frenme s\u00fcrecinizi yap\u0131land\u0131rman\u0131za yard\u0131mc\u0131 olacakt\u0131r. Ayr\u0131ca s\u0131nav, prosed\u00fcrler, belgeler ve T\u00fcrk\u00e7e \u00f6zel terimler s\u00f6zl\u00fc\u011f\u00fc hakk\u0131nda gerekli t\u00fcm bilgileri de ekledik.<\/p>\n<p>Sunum dili: Kursun tamam\u0131 Arap\u00e7a yaz\u0131lm\u0131\u015f olup, paralel olarak T\u00fcrk\u00e7e terimler de verilmi\u015ftir. B\u00f6ylece Arap\u00e7a konu\u015fan \u00f6\u011frenciler i\u00e7in m\u00fcmk\u00fcn oldu\u011funca eri\u015filebilir hale getirilmi\u015ftir.<\/p>\n<p>Rehberimizin, \u00f6\u011frencileri T\u00fcrk \u00fcniversitelerine giri\u015f i\u00e7in ba\u015far\u0131l\u0131 bir \u015fekilde haz\u0131rlamak i\u00e7in g\u00fcvenilir bir temel olu\u015fturaca\u011f\u0131na eminiz.<\/p>\n<p>K\u0131sa bir sunum izleyin:<\/p>\n<p><iframe class=\"wp-embedded-content\" sandbox=\"allow-scripts\" security=\"restricted\" title=\"Comprehensive Intensive Y\u00d6S  Preparat\u0131on Course\" scrolling=\"no\" src=\"https:\/\/nickyakademi.aflip.in\/yos-preparation-kazakh#?secret=vf1cAUJWer\" data-secret=\"vf1cAUJWer\"><\/iframe><\/p>\n<p>T\u00fcrkiye d\u0131\u015f\u0131na yap\u0131lan teslimatlar ayr\u0131 olarak \u00fccretlendirilir.<\/p>\n","protected":false},"excerpt":{"rendered":"<p>Bu kapsaml\u0131 ders kitab\u0131, ba\u015fvuru sahiplerinin t\u00fcm ihtiya\u00e7lar\u0131 g\u00f6z \u00f6n\u00fcnde bulundurularak haz\u0131rlanm\u0131\u015ft\u0131r ve etkili bir \u00e7al\u0131\u015fma i\u00e7in ideal bir temel olu\u015fturmaktad\u0131r.<\/p>\n<p>Kursumuzu haz\u0131rl\u0131k i\u00e7in vazge\u00e7ilmez bir ara\u00e7 yapan nedir?<\/p>\n<p>1080 sayfal\u0131k yap\u0131land\u0131r\u0131lm\u0131\u015f ve anla\u015f\u0131l\u0131r teori ve uygulama.<br \/>\nG\u00f6revlerin derinlemesine analizi: 3500 g\u00f6rev, cevaplar ve \u00e7\u00f6z\u00fcmlerle ayr\u0131nt\u0131l\u0131 olarak analiz edilerek, \u00f6\u011frencilerin cevab\u0131 ezberlemek yerine \u00e7\u00f6z\u00fcm\u00fcn prensibini anlamalar\u0131n\u0131 sa\u011flar.<br \/>\nBol bol al\u0131\u015ft\u0131rma: \u00c7\u00f6z\u00fcml\u00fc 40 tam uzunlukta test + konuyu peki\u015ftirmek i\u00e7in 15 al\u0131\u015ft\u0131rma ve s\u00fcper zor test.<br \/>\nNet yap\u0131: T\u00fcm materyal 6 mod\u00fcl ve 5 b\u00f6l\u00fcme ayr\u0131lm\u0131\u015ft\u0131r, b\u00f6ylece t\u00fcm konular\u0131n tutarl\u0131 ve mant\u0131kl\u0131 bir \u015fekilde \u00e7al\u0131\u015f\u0131lmas\u0131 sa\u011flan\u0131r.<br \/>\nTam destek: Kurallar, programlar ve haz\u0131rl\u0131k programlar\u0131 \u00f6\u011frenme s\u00fcrecinizi yap\u0131land\u0131rman\u0131za yard\u0131mc\u0131 olacakt\u0131r. Ayr\u0131ca s\u0131nav, prosed\u00fcrler, belgeler ve T\u00fcrk\u00e7e \u00f6zel terimler s\u00f6zl\u00fc\u011f\u00fc hakk\u0131nda gerekli t\u00fcm bilgileri de ekledik.<\/p>\n<p>Sunum dili: Kursun tamam\u0131 Arap\u00e7a yaz\u0131lm\u0131\u015f olup, paralel olarak T\u00fcrk\u00e7e terimler de verilmi\u015ftir. B\u00f6ylece Arap\u00e7a konu\u015fan \u00f6\u011frenciler i\u00e7in m\u00fcmk\u00fcn oldu\u011funca eri\u015filebilir hale getirilmi\u015ftir.<\/p>\n<p>Rehberimizin, \u00f6\u011frencileri T\u00fcrk \u00fcniversitelerine giri\u015f i\u00e7in ba\u015far\u0131l\u0131 bir \u015fekilde haz\u0131rlamak i\u00e7in g\u00fcvenilir bir temel olu\u015fturaca\u011f\u0131na eminiz.<\/p>\n<p>K\u0131sa bir sunum izleyin:<br \/>\nhttps:\/\/nickyakademi.aflip.in\/yos-preparation-kazakh<\/p>\n<p>T\u00fcrkiye d\u0131\u015f\u0131na yap\u0131lan teslimatlar ayr\u0131 olarak \u00fccretlendirilir.<\/p>\n","protected":false},"featured_media":10576,"comment_status":"open","ping_status":"closed","template":"","meta":[],"product_brand":[255],"product_cat":[742,752],"product_tag":[1293,1294,1296,1300,1304,1299,1301,1295,1302,1298,1297,1303,1291,1290,1292],"class_list":{"0":"post-10580","1":"product","2":"type-product","3":"status-publish","4":"has-post-thumbnail","6":"product_brand-reading-with-nicky","7":"product_cat-matematik","8":"product_cat-sinavlar","9":"product_tag-rusca-konusanlar-icin-yos","10":"product_tag-rusca-yos-kursu","11":"product_tag-tamamlanmis-yos-ders-kitabi","12":"product_tag-turk-universiteleri","13":"product_tag-turkiye-universite-giris-sinavi","14":"product_tag-turkiyede-egitim","15":"product_tag-turkiyedeki-yabanci-ogrenciler","16":"product_tag-yogun-yos-kursu","17":"product_tag-yos-calisma-kilavuzu","18":"product_tag-yos-cozulmus-problemler","19":"product_tag-yos-deneme-sinavlari","20":"product_tag-yos-deneme-sinavlari-tr","21":"product_tag-yos-kursu","22":"product_tag-yos-sinavina-hazirlik","23":"product_tag-yosa-hazirlik","24":"pa_tip-b-basili","26":"first","27":"instock","28":"featured","29":"shipping-taxable","30":"purchasable","31":"product-type-simple"},"_links":{"self":[{"href":"https:\/\/nickyacademy.de\/tr\/wp-json\/wp\/v2\/product\/10580","targetHints":{"allow":["GET"]}}],"collection":[{"href":"https:\/\/nickyacademy.de\/tr\/wp-json\/wp\/v2\/product"}],"about":[{"href":"https:\/\/nickyacademy.de\/tr\/wp-json\/wp\/v2\/types\/product"}],"replies":[{"embeddable":true,"href":"https:\/\/nickyacademy.de\/tr\/wp-json\/wp\/v2\/comments?post=10580"}],"wp:featuredmedia":[{"embeddable":true,"href":"https:\/\/nickyacademy.de\/tr\/wp-json\/wp\/v2\/media\/10576"}],"wp:attachment":[{"href":"https:\/\/nickyacademy.de\/tr\/wp-json\/wp\/v2\/media?parent=10580"}],"wp:term":[{"taxonomy":"product_brand","embeddable":true,"href":"https:\/\/nickyacademy.de\/tr\/wp-json\/wp\/v2\/product_brand?post=10580"},{"taxonomy":"product_cat","embeddable":true,"href":"https:\/\/nickyacademy.de\/tr\/wp-json\/wp\/v2\/product_cat?post=10580"},{"taxonomy":"product_tag","embeddable":true,"href":"https:\/\/nickyacademy.de\/tr\/wp-json\/wp\/v2\/product_tag?post=10580"}],"curies":[{"name":"wp","href":"https:\/\/api.w.org\/{rel}","templated":true}]}}