{"id":10409,"date":"2025-10-15T11:56:47","date_gmt":"2025-10-15T11:56:47","guid":{"rendered":"https:\/\/nickyacademy.de\/product\/finansal-okuryazarlik-para-dunyasina-ilk-adimlar-en-genc-kasifler-icin-finansal-okuryazarlik-para-dunyasina-ilk-adimlar-en-genc-kasifler-icin\/"},"modified":"2025-10-15T13:13:09","modified_gmt":"2025-10-15T13:13:09","slug":"finansal-okuryazarlik-para-dunyasina-ilk-adimlar-en-genc-kasifler-icin-finansal-okuryazarlik-para-dunyasina-ilk-adimlar-en-genc-kasifler-icin","status":"publish","type":"product","link":"https:\/\/nickyacademy.de\/tr\/urun\/finansal-okuryazarlik-para-dunyasina-ilk-adimlar-en-genc-kasifler-icin-finansal-okuryazarlik-para-dunyasina-ilk-adimlar-en-genc-kasifler-icin\/","title":{"rendered":"Finansal Okuryazarl\u0131k 1. Para d\u00fcnyas\u0131na ilk ad\u0131mlar: En gen\u00e7 ka\u015fifler i\u00e7in Finansal Okuryazarl\u0131k. Para d\u00fcnyas\u0131na ilk ad\u0131mlar: En gen\u00e7 ka\u015fifler i\u00e7in."},"content":{"rendered":"","protected":false},"excerpt":{"rendered":"<p>Finansal Okuryazarl\u0131k: \u00c7ocu\u011funuzun S\u00fcper G\u00fcc\u00fc!<\/p>\n<p>Seviye 1 (5-6 ya\u015f): \u2018Para d\u00fcnyas\u0131na ilk ad\u0131mlar: En gen\u00e7 ka\u015fifler i\u00e7in\u2019 24 Sayfa.<\/p>\n<p>\u00c7ocu\u011funuza hayatta ger\u00e7ek bir avantaj kazand\u0131rmay\u0131 hayal ediyor musunuz? Kurslar\u0131m\u0131z s\u0131k\u0131c\u0131 dersler de\u011fil, 5 ila 18 ya\u015f aras\u0131 \u00e7ocuklar i\u00e7in para d\u00fcnyas\u0131na heyecan verici bir yolculuktur! \u00c7ocu\u011funuzla \u00f6m\u00fcr boyu kalacak, her ad\u0131m\u0131 yeni bir ke\u015fif olan benzersiz 12 seviyeli bir sistem geli\u015ftirdik.<\/p>\n<p>Ba\u015flang\u0131\u00e7 Seviyeleri (5-8 Ya\u015f): Temeli At\u0131yoruz<\/p>\n<p>Seviye 1 (5-6 Ya\u015f): Masallar ve oyunlarla para saymay\u0131 \u00f6\u011frenir, &#8220;istemek&#8221; ile &#8220;ihtiya\u00e7 duymak&#8221; aras\u0131ndaki fark\u0131 anlar ve eme\u011fin de\u011ferini kavrar\u0131z.<\/p>\n<p>Seviye 2 (6-7 Ya\u015f): \u0130lk finansal hedeflerimizi belirler, birikim yapar ve kendi &#8220;mini i\u015fletmemizi&#8221; (limonata stand\u0131, el yap\u0131m\u0131 \u00fcr\u00fcnler) a\u00e7ar\u0131z!<\/p>\n<p>Seviye 3 (7-8 Ya\u015f): Aile b\u00fct\u00e7esi, dijital \u00f6demeler ve sosyal sorumluluk gibi ekonominin temellerine dalar\u0131z.<\/p>\n<p>\u0130leri Seviyeler (8-18 Ya\u015f): Uzmanla\u015f\u0131yoruz<br \/>\nSonraki 9 seviye, yat\u0131r\u0131mlar, karma\u015f\u0131k finansal enstr\u00fcmanlar, ekonomi biliminin temelleri ve kendi i\u015f projelerini olu\u015fturma d\u00fcnyas\u0131na derin bir dal\u0131\u015ft\u0131r. Gen\u00e7leri ger\u00e7ek yeti\u015fkin ya\u015fam\u0131na haz\u0131rl\u0131yoruz. Her biri yakla\u015f\u0131k 150 sayfa olan, kendi i\u015fini kuran \u00e7ocuklar\u0131n 10 ger\u00e7ek i\u015f projesi ve hikayesini i\u00e7erir.<\/p>\n<p>Neden \u0130\u015fe Yarar?<br \/>\nHer seviye, \u00e7ocuklar\u0131 ger\u00e7ekten i\u00e7ine \u00e7eken diyaloglar, oyunlar, maceralar ve projelerden olu\u015fan 24 ila 150 sayfal\u0131k benzersiz i\u00e7eriktir. Biz sadece \u00f6\u011fretmiyoruz, 21. y\u00fczy\u0131l\u0131n en de\u011ferli varl\u0131\u011f\u0131n\u0131 \u015fekillendiriyoruz: finansal zihniyet.<br \/>\n\u00c7ocuklar\u0131n\u0131z en iyi gelece\u011fi hak ediyor. Onlara, ger\u00e7ekten zengin ve ba\u015far\u0131l\u0131 insanlar olmalar\u0131n\u0131 sa\u011flayacak \u00f6zg\u00fcven ve bilgiyi hediye edin.<br \/>\n\u00c7ocu\u011funuzun ba\u015far\u0131l\u0131 gelece\u011fine yolculuk hemen ba\u015flas\u0131n!<\/p>\n","protected":false},"featured_media":10407,"comment_status":"open","ping_status":"closed","template":"","meta":[],"product_brand":[],"product_cat":[744],"product_tag":[1606,1598,1600,1602,1599,1603,1605,1601,1604,1607],"class_list":{"0":"post-10409","1":"product","2":"type-product","3":"status-publish","4":"has-post-thumbnail","6":"product_cat-finansal-okuryazarlik","7":"product_tag-akilli-para-aliskanliklari","8":"product_tag-cocuklar-icin-finansal-okuryazarlik","9":"product_tag-cocuklar-icin-girisimcilik","10":"product_tag-cocuklar-icin-is-fikirleri","11":"product_tag-cocuklar-icin-para-yonetimi","12":"product_tag-cocuklara-para-hakkinda-ogretmek","13":"product_tag-finansal-okuryazarlik-mufredati","14":"product_tag-finansal-zihniyet","15":"product_tag-gencler-icin-finansal-egitim","16":"product_tag-gencler-icin-yatirim","17":"pa_tip-b-basili","19":"first","20":"instock","21":"shipping-taxable","22":"purchasable","23":"product-type-simple"},"_links":{"self":[{"href":"https:\/\/nickyacademy.de\/tr\/wp-json\/wp\/v2\/product\/10409","targetHints":{"allow":["GET"]}}],"collection":[{"href":"https:\/\/nickyacademy.de\/tr\/wp-json\/wp\/v2\/product"}],"about":[{"href":"https:\/\/nickyacademy.de\/tr\/wp-json\/wp\/v2\/types\/product"}],"replies":[{"embeddable":true,"href":"https:\/\/nickyacademy.de\/tr\/wp-json\/wp\/v2\/comments?post=10409"}],"wp:featuredmedia":[{"embeddable":true,"href":"https:\/\/nickyacademy.de\/tr\/wp-json\/wp\/v2\/media\/10407"}],"wp:attachment":[{"href":"https:\/\/nickyacademy.de\/tr\/wp-json\/wp\/v2\/media?parent=10409"}],"wp:term":[{"taxonomy":"product_brand","embeddable":true,"href":"https:\/\/nickyacademy.de\/tr\/wp-json\/wp\/v2\/product_brand?post=10409"},{"taxonomy":"product_cat","embeddable":true,"href":"https:\/\/nickyacademy.de\/tr\/wp-json\/wp\/v2\/product_cat?post=10409"},{"taxonomy":"product_tag","embeddable":true,"href":"https:\/\/nickyacademy.de\/tr\/wp-json\/wp\/v2\/product_tag?post=10409"}],"curies":[{"name":"wp","href":"https:\/\/api.w.org\/{rel}","templated":true}]}}