{"id":10220,"date":"2025-10-12T18:31:34","date_gmt":"2025-10-12T18:31:34","guid":{"rendered":"https:\/\/nickyacademy.de\/product\/mantiksal-dusunme-seviye-2-mantik-kasifleri-baglantilari-kesfediyoruz-basili\/"},"modified":"2025-10-12T18:55:56","modified_gmt":"2025-10-12T18:55:56","slug":"mantiksal-dusunme-seviye-2-mantik-kasifleri-baglantilari-kesfediyoruz-basili","status":"publish","type":"product","link":"https:\/\/nickyacademy.de\/tr\/urun\/mantiksal-dusunme-seviye-2-mantik-kasifleri-baglantilari-kesfediyoruz-basili\/","title":{"rendered":"Mant\u0131ksal D\u00fc\u015f\u00fcnme Seviye 2: Mant\u0131k K\u00e2\u015fifleri &#8211; Ba\u011flant\u0131lar\u0131 Ke\u015ffediyoruz Bas\u0131l\u0131"},"content":{"rendered":"","protected":false},"excerpt":{"rendered":"<p>Mant\u0131ksal D\u00fc\u015f\u00fcnme Seviye 2: Mant\u0131k K\u00e2\u015fifleri &#8211; Ba\u011flant\u0131lar\u0131 Ke\u015ffediyoruz<\/p>\n<p>30 ders. 32 sayfa.<br \/>\n\u00dcst\u00fcn zekal\u0131 ve \u00f6\u011frenmeye a\u00e7\u0131k \u00e7ocuklar i\u00e7in ileri d\u00fczey bir zeka geli\u015fim program\u0131.<br \/>\nBu kurs, yaln\u0131zca bir oyun de\u011fil, gelece\u011fin dahileri ve olimpiyat \u015fampiyonlar\u0131 i\u00e7in temel bir zihin jimnasti\u011fidir. \u00c7ocu\u011funuzun bili\u015fsel becerilerini (cognitive skills), heyecan dolu bir dedektiflik maceras\u0131 arac\u0131l\u0131\u011f\u0131yla geli\u015ftirmek i\u00e7in tasarland\u0131.<\/p>\n<p>Ak\u0131ll\u0131 Tilki ve Merakl\u0131 Ay\u0131 ile \u00e7ocu\u011funuz, kapsaml\u0131 30 derslik bir m\u00fcfredat arac\u0131l\u0131\u011f\u0131yla mant\u0131ksal d\u00fc\u015f\u00fcnmenin temel ara\u00e7lar\u0131n\u0131 \u00f6\u011frenecek.<br \/>\nKonu Kapsam\u0131: A\u00e7\u0131klaman\u0131za tam uyum: Derinlemesine nedensellik, ko\u015fullu ifadeler (E\u011fer-\u0130se), mant\u0131ksal ba\u011fla\u00e7lar (VE, VEYA, DE\u011e\u0130L, kombinasyonlar), algoritmalar, basit \u00e7\u0131kar\u0131mlar (t\u00fcmceler), eleme bulmacalar\u0131 (3&#215;3 tablolar), mant\u0131k hatalar\u0131n\u0131 tespit etme ve final g\u00f6revi.<br \/>\nKarakterler: Ak\u0131ll\u0131 Tilki ve Merakl\u0131 Ay\u0131, \u00e7ocuklara konular\u0131 ad\u0131m ad\u0131m rehberlik eder.<br \/>\nG\u00f6rselle\u015ftirme: Soyut kavramlar\u0131 a\u00e7\u0131klamak i\u00e7in Venn \u015femalar\u0131, diyagramlar, tablolar, \u00e7izgi romanlar ve labirentler entegre edilmi\u015ftir.<br \/>\nPratik: Her konu, zorluk seviyesi giderek artan uygulamal\u0131 al\u0131\u015ft\u0131rmalarla peki\u015ftirilir.<\/p>\n<p>Bu program, \u00e7ocu\u011funuzun ele\u015ftirel ve analitik d\u00fc\u015f\u00fcnme becerilerini g\u00fc\u00e7lendirerek onu matemati\u011fe, kodlamaya ve ya\u015fama haz\u0131rlar. \u00dcst\u00fcn potansiyelli \u00e7ocuklar\u0131n zihinsel geli\u015fimine yat\u0131r\u0131m yapan ebeveynler i\u00e7in tasarlanm\u0131\u015ft\u0131r. <\/p>\n<p>\u00c7ocu\u011funuza entelekt\u00fcel bir avantaj sa\u011flay\u0131n.<\/p>\n","protected":false},"featured_media":10204,"comment_status":"open","ping_status":"closed","template":"","meta":[],"product_brand":[255],"product_cat":[742],"product_tag":[1461,1439,1459,1457,1460,1440,1458],"class_list":{"0":"post-10220","1":"product","2":"type-product","3":"status-publish","4":"has-post-thumbnail","6":"product_brand-reading-with-nicky","7":"product_cat-matematik","8":"product_tag-basariya-hazirlik","9":"product_tag-elestirel-dusunme","10":"product_tag-erken-yas-egitimi","11":"product_tag-mantiksal-dusunme","12":"product_tag-ogrenme-macerasi","13":"product_tag-problem-cozme","14":"product_tag-ustun-zekali-cocuklar","15":"pa_tip-b-basili","17":"first","18":"instock","19":"shipping-taxable","20":"purchasable","21":"product-type-simple"},"_links":{"self":[{"href":"https:\/\/nickyacademy.de\/tr\/wp-json\/wp\/v2\/product\/10220","targetHints":{"allow":["GET"]}}],"collection":[{"href":"https:\/\/nickyacademy.de\/tr\/wp-json\/wp\/v2\/product"}],"about":[{"href":"https:\/\/nickyacademy.de\/tr\/wp-json\/wp\/v2\/types\/product"}],"replies":[{"embeddable":true,"href":"https:\/\/nickyacademy.de\/tr\/wp-json\/wp\/v2\/comments?post=10220"}],"wp:featuredmedia":[{"embeddable":true,"href":"https:\/\/nickyacademy.de\/tr\/wp-json\/wp\/v2\/media\/10204"}],"wp:attachment":[{"href":"https:\/\/nickyacademy.de\/tr\/wp-json\/wp\/v2\/media?parent=10220"}],"wp:term":[{"taxonomy":"product_brand","embeddable":true,"href":"https:\/\/nickyacademy.de\/tr\/wp-json\/wp\/v2\/product_brand?post=10220"},{"taxonomy":"product_cat","embeddable":true,"href":"https:\/\/nickyacademy.de\/tr\/wp-json\/wp\/v2\/product_cat?post=10220"},{"taxonomy":"product_tag","embeddable":true,"href":"https:\/\/nickyacademy.de\/tr\/wp-json\/wp\/v2\/product_tag?post=10220"}],"curies":[{"name":"wp","href":"https:\/\/api.w.org\/{rel}","templated":true}]}}