{"id":10131,"date":"2025-10-12T09:19:30","date_gmt":"2025-10-12T09:19:30","guid":{"rendered":"https:\/\/nickyacademy.de\/product\/early-mathematics-level-1-preschool-period-part-2-2-3-years-erken-matematik-seviye-1-okul-oncesi-donemi-kisim-2-2-3-yil\/"},"modified":"2025-10-12T10:25:54","modified_gmt":"2025-10-12T10:25:54","slug":"early-mathematics-level-1-preschool-period-part-2-2-3-years-erken-matematik-seviye-1-okul-oncesi-donemi-kisim-2-2-3-yil","status":"publish","type":"product","link":"https:\/\/nickyacademy.de\/tr\/urun\/early-mathematics-level-1-preschool-period-part-2-2-3-years-erken-matematik-seviye-1-okul-oncesi-donemi-kisim-2-2-3-yil\/","title":{"rendered":"Erken Matematik. Seviye 1: Okul \u00d6ncesi D\u00f6nemi. K\u0131s\u0131m 2: 2-3 Y\u0131l."},"content":{"rendered":"<p>Matematik, do\u011fumdan itibaren ya\u015fam\u0131n vazge\u00e7ilmez bir par\u00e7as\u0131d\u0131r ve \u00e7ocuklar\u0131n geli\u015fiminde kritik bir rol oynar. Say\u0131larla ilgili olman\u0131n \u00f6tesinde, matematiksel d\u00fc\u015f\u00fcnme; ele\u015ftirel d\u00fc\u015f\u00fcnme, problem \u00e7\u00f6zme ve mant\u0131ksal ak\u0131l y\u00fcr\u00fctme becerilerini geli\u015ftirir. <\/p>\n<p>\u00c7ocuklar k\u00fc\u00e7\u00fck ya\u015flardan itibaren \u00e7evrelerindeki d\u00fcnyay\u0131 ke\u015ffederken, do\u011fal olarak matematiksel kavramlarla kar\u015f\u0131la\u015f\u0131rlar: oyuncaklar\u0131 saymak, nesneleri s\u0131ralamak, \u015fekilleri tan\u0131mak veya miktarlar\u0131 kar\u015f\u0131la\u015ft\u0131rmak gibi. Bu deneyimler, onlar\u0131n erken matematiksel temellerini olu\u015fturur. <\/p>\n<p>Ders Kitab\u0131n\u0131n Ana \u00d6zellikleri<\/p>\n<p>Kapsaml\u0131 198 G\u00f6rev: Kitap, \u00e7ocuklar\u0131n bili\u015fsel geli\u015fimini desteklemek \u00fczere tasarlanm\u0131\u015f.<\/p>\n<p>G\u00f6rev Yap\u0131s\u0131: Her g\u00f6rev, Max (Maks) ve Nicky (Niki) aras\u0131ndaki bir diyalog, \u00e7ocu\u011fun yapaca\u011f\u0131 net bir eylem ve geli\u015ftirilen temel kavram\u0131 a\u00e7\u0131klayan bir b\u00f6l\u00fcmden olu\u015fur. Bu yap\u0131, hem ebeveynlere hem de \u00e7ocuklara net bir rehberlik sunar. <\/p>\n<p>Zorluk \u0130lerlemesi: Ders kitab\u0131, \u00e7ocu\u011fun \u00f6\u011freniminin do\u011fal bir \u015fekilde ilerlemesini sa\u011flamak i\u00e7in zorluk seviyesini kademeli olarak art\u0131r\u0131r.<\/p>\n<p>\u00c7a\u011fda\u015f Unsurlar: G\u00fcn\u00fcm\u00fcz \u00e7ocuklar\u0131n\u0131n ilgisini \u00e7ekmek i\u00e7in g\u00f6revlere modern temalar entegre edilmi\u015ftir.<\/p>\n<p>T\u00fcm g\u00f6revler, 2-3 ya\u015f aras\u0131 \u00e7ocuklar\u0131n geli\u015fim d\u00fczeylerine \u00f6zel olarak uyarlanm\u0131\u015ft\u0131r. Bir sonraki a\u015famaya ge\u00e7meye haz\u0131r m\u0131y\u0131z?<\/p>\n","protected":false},"excerpt":{"rendered":"<p>Erken Matematik. Seviye 1: 1-5 Ya\u015f, Okul \u00d6ncesi D\u00f6nemi. K\u0131s\u0131m 2: 2-3 Y\u0131l. (72 Sayfa)<\/p>\n<p>Erken Matematik ve \u00c7ocuk Geli\u015fimi<br \/>\n1. 2-3 Ya\u015f \u00c7ocuklar i\u00e7in Ebeveynler ve E\u011fitimcilere Y\u00f6nelik Tam Pratik Rehber. Oyun temelli rehber: 2-3 ya\u015f \u00e7ocuklar i\u00e7in ebeveynler ve e\u011fitimcilere y\u00f6nelik. Oyun, hareket ve g\u00fcnl\u00fck ya\u015famda matematik.<br \/>\n2. 2-3 Ya\u015f \u00c7ocuklar i\u00e7in Temel Matematik Becerileri Listesi (Resmi Becerilerden Ziyade Kavramlara Odaklanma)<br \/>\n3. DERS K\u0130TABI: &#8220;BE\u015e\u0130KTEN MATEMAT\u0130K&#8221; (198 G\u00d6REV)<\/p>\n<p>&nbsp;<\/p>\n","protected":false},"featured_media":9959,"comment_status":"open","ping_status":"closed","template":"","meta":[],"product_brand":[255],"product_cat":[742],"product_tag":[1431,1441,1445,1434,1435,1439,1446,1433,1430,1444,1438,1443,1432,1437,1436,1440,1442],"class_list":{"0":"post-10131","1":"product","2":"type-product","3":"status-publish","4":"has-post-thumbnail","6":"product_brand-reading-with-nicky","7":"product_cat-matematik","8":"product_tag-bebek-egitimi-1-2-yas","9":"product_tag-bilissel-gelisim","10":"product_tag-dans","11":"product_tag-ebeveyn-rehberi","12":"product_tag-egitimci-rehberi","13":"product_tag-elestirel-dusunme","14":"product_tag-emekleme","15":"product_tag-erken-cocukluk-gelisimi","16":"product_tag-erken-matematik","17":"product_tag-fiziksel-aktiviteler-yogurma-dans-etme-emekleme","18":"product_tag-gunluk-yasamda-matematik","19":"product_tag-matematik-kavramlari-resmi-becerilerle-karsilastirildiginda","20":"product_tag-okul-oncesi-egitim","21":"product_tag-oyun-temelli-ogrenme","22":"product_tag-pratik-rehber","23":"product_tag-problem-cozme","24":"product_tag-temel-beceriler","25":"pa_tip-b-basili","27":"first","28":"instock","29":"featured","30":"shipping-taxable","31":"purchasable","32":"product-type-simple"},"_links":{"self":[{"href":"https:\/\/nickyacademy.de\/tr\/wp-json\/wp\/v2\/product\/10131","targetHints":{"allow":["GET"]}}],"collection":[{"href":"https:\/\/nickyacademy.de\/tr\/wp-json\/wp\/v2\/product"}],"about":[{"href":"https:\/\/nickyacademy.de\/tr\/wp-json\/wp\/v2\/types\/product"}],"replies":[{"embeddable":true,"href":"https:\/\/nickyacademy.de\/tr\/wp-json\/wp\/v2\/comments?post=10131"}],"wp:featuredmedia":[{"embeddable":true,"href":"https:\/\/nickyacademy.de\/tr\/wp-json\/wp\/v2\/media\/9959"}],"wp:attachment":[{"href":"https:\/\/nickyacademy.de\/tr\/wp-json\/wp\/v2\/media?parent=10131"}],"wp:term":[{"taxonomy":"product_brand","embeddable":true,"href":"https:\/\/nickyacademy.de\/tr\/wp-json\/wp\/v2\/product_brand?post=10131"},{"taxonomy":"product_cat","embeddable":true,"href":"https:\/\/nickyacademy.de\/tr\/wp-json\/wp\/v2\/product_cat?post=10131"},{"taxonomy":"product_tag","embeddable":true,"href":"https:\/\/nickyacademy.de\/tr\/wp-json\/wp\/v2\/product_tag?post=10131"}],"curies":[{"name":"wp","href":"https:\/\/api.w.org\/{rel}","templated":true}]}}