{"id":9354,"date":"2025-09-24T18:38:23","date_gmt":"2025-09-24T18:38:23","guid":{"rendered":"https:\/\/nickyacademy.de\/?page_id=9354"},"modified":"2025-09-24T19:19:34","modified_gmt":"2025-09-24T19:19:34","slug":"basili-indirilen-cevrimici-platform","status":"publish","type":"page","link":"https:\/\/nickyacademy.de\/tr\/basili-indirilen-cevrimici-platform\/","title":{"rendered":"Bas\u0131l\u0131, \u0130ndirilen, \u00c7evrimi\u00e7i Platform"},"content":{"rendered":"\t\t<div data-elementor-type=\"wp-page\" data-elementor-id=\"9354\" class=\"elementor elementor-9354 elementor-9339\" data-elementor-post-type=\"page\">\n\t\t\t\t<div class=\"elementor-element elementor-element-28ace96 e-flex e-con-boxed e-con e-parent\" data-id=\"28ace96\" data-element_type=\"container\">\n\t\t\t\t\t<div class=\"e-con-inner\">\n\t\t<div class=\"elementor-element elementor-element-1cabe06 e-con-full e-flex e-con e-child\" data-id=\"1cabe06\" data-element_type=\"container\">\n\t\t\t\t<\/div>\n\t\t<div class=\"elementor-element elementor-element-28cd7b0 e-con-full e-flex e-con e-child\" data-id=\"28cd7b0\" data-element_type=\"container\">\n\t\t\t\t<div class=\"elementor-element elementor-element-681f2a0 elementor-widget elementor-widget-text-editor\" data-id=\"681f2a0\" data-element_type=\"widget\" data-widget_type=\"text-editor.default\">\n\t\t\t\t<div class=\"elementor-widget-container\">\n\t\t\t\t\t\t\t\t\t<h2>\u00dcr\u00fcn Format\u0131 Se\u00e7imi: \u0130stedi\u011finiz Gibi \u00d6\u011frenin!<\/h2><p>\u00a0<\/p><p>Nicky Akademi olarak, her ailenin benzersiz oldu\u011funu ve kendine \u00f6zg\u00fc \u00f6\u011frenme tercihleri oldu\u011funu anl\u0131yoruz. Bu nedenle, e\u011fitim materyallerimize \u00fc\u00e7 farkl\u0131 formatta esnek eri\u015fim sunuyoruz; b\u00f6ylece ya\u015fam tarz\u0131n\u0131za ve \u00e7ocu\u011funuzun ihtiya\u00e7lar\u0131na en uygun olan\u0131 se\u00e7ebilirsiniz.<\/p><p>\u00a0<\/p><ol><li>Y\u00fcksek Kaliteli Bask\u0131l\u0131 Materyaller<\/li><\/ol><p>Dokunsal deneyimlere ve geleneksel \u00f6\u011frenmeye de\u011fer verenler i\u00e7in renkli kitaplar, g\u00fcnl\u00fckler ve premium ders kitaplar\u0131 sunuyoruz. Bask\u0131l\u0131 materyallerimiz, \u00f6zellikle \u00e7ocuk \u00fcr\u00fcnleri i\u00e7in \u00e7ok \u00f6nemli olan y\u00fcksek kaliteli ka\u011f\u0131t ve canl\u0131 ill\u00fcstrasyonlarla haz\u0131rlanm\u0131\u015ft\u0131r. Bunlar\u0131 teslimatla sipari\u015f edebilir ve kendi ev k\u00fct\u00fcphanenizi olu\u015fturabilirsiniz.<\/p><p>\u00a0<\/p><ol start=\"2\"><li>An\u0131nda Dijital \u0130ndirmeler<\/li><\/ol><p>Hemen materyal mi laz\u0131m? Dijital \u00fcr\u00fcnlerimiz yard\u0131ma haz\u0131r! Ba\u015far\u0131l\u0131 \u00f6demeden sonra, se\u00e7ilen materyaller (\u00e7al\u0131\u015fma sayfalar\u0131, boyama sayfalar\u0131, PDF rehberler) e-posta adresinize otomatik olarak g\u00f6nderilir. Bu, \u00fcr\u00fcnlere an\u0131nda eri\u015fmenizi ve istedi\u011finiz kadar kopya yazd\u0131rarak defalarca kullanman\u0131z\u0131 sa\u011flar. Anl\u0131k dersler ve \u00f6nceki materyali g\u00f6zden ge\u00e7irmek i\u00e7in m\u00fckemmel bir \u00e7\u00f6z\u00fcmd\u00fcr.<\/p><p>\u00a0<\/p><ol start=\"3\"><li>Etkile\u015fimli \u00c7evrimi\u00e7i Platform<\/li><\/ol><p>En modern ve dinamik aileler i\u00e7in kapsaml\u0131 bir e\u011fitim ekosistemi olu\u015fturduk. Bir kursu se\u00e7ip \u00f6deme yapt\u0131ktan sonra, platformumuzdaki ki\u015fisel hesab\u0131n\u0131zda hemen eri\u015fim elde edersiniz. Burada, dolu bir kurs k\u00fct\u00fcphanesi, etkileyici podcast&#8217;ler (&#8220;Reading with Nicky,&#8221; &#8220;Math,&#8221; hatta \u00e7evrimi\u00e7i boyama aktiviteleri gibi) ve benzer d\u00fc\u015f\u00fcnen \u00f6\u011frenenlerden olu\u015fan bir topluluk bulacaks\u0131n\u0131z. Etkile\u015fimli dersler, testler ve deneyim payla\u015fma imkan\u0131, \u00f6\u011frenmeyi heyecan verici bir maceraya d\u00f6n\u00fc\u015ft\u00fcr\u00fcr.<\/p><p>\u00a0<\/p><p>Kendinizi yaln\u0131zca bir formatta s\u0131n\u0131rlamay\u0131n! Bir\u00e7ok aile, \u00e7ocuklar\u0131 i\u00e7in en etkili ve \u00e7e\u015fitli e\u011fitim ortam\u0131n\u0131 yaratmak \u00fczere \u00fc\u00e7 se\u00e7ene\u011fi ba\u015far\u0131yla birle\u015ftiriyor. Se\u00e7in, kar\u0131\u015ft\u0131r\u0131n ve Nicky Akademi ile bilgi d\u00fcnyas\u0131n\u0131 ke\u015ffedin!<\/p><p>\u00a0<\/p><p>T\u00fcm s\u00fcre\u00e7lerimiz konforunuz i\u00e7in otomatiktir ve teknik destek ekibimiz her t\u00fcrl\u00fc sorunuzda yard\u0131ma haz\u0131rd\u0131r.<\/p>\t\t\t\t\t\t\t\t<\/div>\n\t\t\t\t<\/div>\n\t\t\t\t<\/div>\n\t\t<div class=\"elementor-element elementor-element-377c360 e-con-full e-flex e-con e-child\" data-id=\"377c360\" data-element_type=\"container\">\n\t\t\t\t<\/div>\n\t\t\t\t\t<\/div>\n\t\t\t\t<\/div>\n\t\t\t\t<\/div>\n\t\t","protected":false},"excerpt":{"rendered":"<p>\u00dcr\u00fcn Format\u0131 Se\u00e7imi: \u0130stedi\u011finiz Gibi \u00d6\u011frenin! \u00a0 Nicky Akademi olarak, her ailenin benzersiz oldu\u011funu ve kendine \u00f6zg\u00fc \u00f6\u011frenme tercihleri oldu\u011funu anl\u0131yoruz. Bu nedenle, e\u011fitim materyallerimize \u00fc\u00e7 farkl\u0131 formatta esnek eri\u015fim sunuyoruz; b\u00f6ylece ya\u015fam tarz\u0131n\u0131za ve \u00e7ocu\u011funuzun ihtiya\u00e7lar\u0131na en uygun olan\u0131 se\u00e7ebilirsiniz. \u00a0 Y\u00fcksek Kaliteli Bask\u0131l\u0131 Materyaller Dokunsal deneyimlere ve geleneksel \u00f6\u011frenmeye de\u011fer verenler i\u00e7in renkli [&hellip;]<\/p>\n","protected":false},"author":1,"featured_media":0,"parent":0,"menu_order":0,"comment_status":"closed","ping_status":"closed","template":"","meta":{"footnotes":""},"class_list":["post-9354","page","type-page","status-publish","hentry"],"_links":{"self":[{"href":"https:\/\/nickyacademy.de\/tr\/wp-json\/wp\/v2\/pages\/9354","targetHints":{"allow":["GET"]}}],"collection":[{"href":"https:\/\/nickyacademy.de\/tr\/wp-json\/wp\/v2\/pages"}],"about":[{"href":"https:\/\/nickyacademy.de\/tr\/wp-json\/wp\/v2\/types\/page"}],"author":[{"embeddable":true,"href":"https:\/\/nickyacademy.de\/tr\/wp-json\/wp\/v2\/users\/1"}],"replies":[{"embeddable":true,"href":"https:\/\/nickyacademy.de\/tr\/wp-json\/wp\/v2\/comments?post=9354"}],"version-history":[{"count":4,"href":"https:\/\/nickyacademy.de\/tr\/wp-json\/wp\/v2\/pages\/9354\/revisions"}],"predecessor-version":[{"id":9360,"href":"https:\/\/nickyacademy.de\/tr\/wp-json\/wp\/v2\/pages\/9354\/revisions\/9360"}],"wp:attachment":[{"href":"https:\/\/nickyacademy.de\/tr\/wp-json\/wp\/v2\/media?parent=9354"}],"curies":[{"name":"wp","href":"https:\/\/api.w.org\/{rel}","templated":true}]}}