{"id":9182,"date":"2025-09-02T18:17:09","date_gmt":"2025-09-02T18:17:09","guid":{"rendered":"https:\/\/nickyacademy.de\/?post_type=product&#038;p=9182"},"modified":"2026-04-01T07:17:18","modified_gmt":"2026-04-01T07:17:18","slug":"buyuk-boyama-kitabi-seviye-3-koleksiyon-09-gemiler-big-colouring-book-level-3-collection-09-ships","status":"publish","type":"product","link":"https:\/\/nickyacademy.de\/de\/product\/buyuk-boyama-kitabi-seviye-3-koleksiyon-09-gemiler-big-colouring-book-level-3-collection-09-ships\/","title":{"rendered":"B\u00fcy\u00fck Boyama Kitab\u0131 Seviye 3 Koleksiyon 09: Gemiler (Big Colouring Book. Level 3. Collection 09: Ships)"},"content":{"rendered":"<p>&nbsp;<\/p>\n<p>&nbsp;<\/p>\n","protected":false},"excerpt":{"rendered":"<p>Collection 09: Ships. 64 Pages.<\/p>\n<p>Your little one will adore this coloring book.<br \/>\nA large coloring book from the &#8218;I am painting&#8216; and &#8218;Fundamentals of Painting&#8216; series.<br \/>\nHave your child color the pictures on every page of this coloring book!<\/p>\n","protected":false},"featured_media":9089,"comment_status":"open","ping_status":"closed","template":"","meta":[],"product_brand":[255],"product_cat":[731,749],"product_tag":[871,873,245,865,867,874,866,244,872],"class_list":{"0":"post-9182","1":"product","2":"type-product","3":"status-publish","4":"has-post-thumbnail","6":"product_brand-reading-with-nicky","7":"product_cat-i-am-painting","8":"product_cat-art-social-studies","9":"product_tag-happy-time","10":"product_tag-i-am-pinting","11":"product_tag-learn-to-read","12":"product_tag-painting","13":"product_tag-painting-of-the-day","14":"product_tag-painting-with-nicky","15":"product_tag-paintings","16":"product_tag-reading","17":"product_tag-watercolorpainting","18":"pa_tip-b-printed","20":"first","21":"instock","22":"featured","23":"shipping-taxable","24":"purchasable","25":"product-type-simple"},"_links":{"self":[{"href":"https:\/\/nickyacademy.de\/de\/wp-json\/wp\/v2\/product\/9182","targetHints":{"allow":["GET"]}}],"collection":[{"href":"https:\/\/nickyacademy.de\/de\/wp-json\/wp\/v2\/product"}],"about":[{"href":"https:\/\/nickyacademy.de\/de\/wp-json\/wp\/v2\/types\/product"}],"replies":[{"embeddable":true,"href":"https:\/\/nickyacademy.de\/de\/wp-json\/wp\/v2\/comments?post=9182"}],"wp:featuredmedia":[{"embeddable":true,"href":"https:\/\/nickyacademy.de\/de\/wp-json\/wp\/v2\/media\/9089"}],"wp:attachment":[{"href":"https:\/\/nickyacademy.de\/de\/wp-json\/wp\/v2\/media?parent=9182"}],"wp:term":[{"taxonomy":"product_brand","embeddable":true,"href":"https:\/\/nickyacademy.de\/de\/wp-json\/wp\/v2\/product_brand?post=9182"},{"taxonomy":"product_cat","embeddable":true,"href":"https:\/\/nickyacademy.de\/de\/wp-json\/wp\/v2\/product_cat?post=9182"},{"taxonomy":"product_tag","embeddable":true,"href":"https:\/\/nickyacademy.de\/de\/wp-json\/wp\/v2\/product_tag?post=9182"}],"curies":[{"name":"wp","href":"https:\/\/api.w.org\/{rel}","templated":true}]}}