{"id":8628,"date":"2025-09-01T15:43:32","date_gmt":"2025-09-01T15:43:32","guid":{"rendered":"https:\/\/nickyacademy.de\/?post_type=product&#038;p=8628"},"modified":"2026-04-01T07:14:35","modified_gmt":"2026-04-01T07:14:35","slug":"mantiksal-dusunme-seviye-1-kucuk-dedektifler-mantiga-ilk-adimlar-logical-thinking-level-1-little-detectives-first-steps-into-logic","status":"publish","type":"product","link":"https:\/\/nickyacademy.de\/de\/product\/mantiksal-dusunme-seviye-1-kucuk-dedektifler-mantiga-ilk-adimlar-logical-thinking-level-1-little-detectives-first-steps-into-logic\/","title":{"rendered":"Mant\u0131ksal D\u00fc\u015f\u00fcnme Seviye 1: K\u00fc\u00e7\u00fck Dedektifler &#8211; Mant\u0131\u011fa \u0130lk Ad\u0131mlar (Logical Thinking Level 1: Little Detectives &#8211; First Steps into Logic)"},"content":{"rendered":"","protected":false},"excerpt":{"rendered":"<p>Logical Thinking Level 1: Little Detectives &#8211; First Steps into Logic<\/p>\n<p>30 Lessons. 32 Pages.<br \/>\nAn advanced intelligence development program for gifted and curious children.<br \/>\nThis course is not just a game but a fundamental mental workout for future geniuses and Olympiad champions. It is designed to develop your child\u2019s cognitive skills through an exciting detective adventure.<\/p>\n<p>With Clever Fox and Curious Bear, your child will learn the essential tools of logical thinking through a comprehensive 30-lesson curriculum.<\/p>\n<p>This Level covers: Comparison, Classification, Patterns, Mazes, \u201cFinding the Odd One Out,\u201d Cause-and-Effect Relationships, and Conditional Logic.<\/p>\n<p>This program strengthens your child\u2019s critical and analytical thinking skills, preparing them for mathematics, coding, and life. It is designed for parents who invest in the intellectual development of children with high potential.<\/p>\n<p>Give your child an intellectual advantage.<\/p>\n","protected":false},"featured_media":10190,"comment_status":"open","ping_status":"closed","template":"","meta":[],"product_brand":[],"product_cat":[741],"product_tag":[1207,1241,1239,1243,1238,1208,1245],"class_list":{"0":"post-8628","1":"product","2":"type-product","3":"status-publish","4":"has-post-thumbnail","6":"product_cat-maths","7":"product_tag-critical-thinking","8":"product_tag-early-education","9":"product_tag-gifted-children","10":"product_tag-learning-adventure","11":"product_tag-logical-thinking","12":"product_tag-problem-solving","13":"product_tag-success-preparation","14":"pa_tip-a-downloadable","16":"first","17":"instock","18":"downloadable","19":"shipping-taxable","20":"purchasable","21":"product-type-simple"},"_links":{"self":[{"href":"https:\/\/nickyacademy.de\/de\/wp-json\/wp\/v2\/product\/8628","targetHints":{"allow":["GET"]}}],"collection":[{"href":"https:\/\/nickyacademy.de\/de\/wp-json\/wp\/v2\/product"}],"about":[{"href":"https:\/\/nickyacademy.de\/de\/wp-json\/wp\/v2\/types\/product"}],"replies":[{"embeddable":true,"href":"https:\/\/nickyacademy.de\/de\/wp-json\/wp\/v2\/comments?post=8628"}],"wp:featuredmedia":[{"embeddable":true,"href":"https:\/\/nickyacademy.de\/de\/wp-json\/wp\/v2\/media\/10190"}],"wp:attachment":[{"href":"https:\/\/nickyacademy.de\/de\/wp-json\/wp\/v2\/media?parent=8628"}],"wp:term":[{"taxonomy":"product_brand","embeddable":true,"href":"https:\/\/nickyacademy.de\/de\/wp-json\/wp\/v2\/product_brand?post=8628"},{"taxonomy":"product_cat","embeddable":true,"href":"https:\/\/nickyacademy.de\/de\/wp-json\/wp\/v2\/product_cat?post=8628"},{"taxonomy":"product_tag","embeddable":true,"href":"https:\/\/nickyacademy.de\/de\/wp-json\/wp\/v2\/product_tag?post=8628"}],"curies":[{"name":"wp","href":"https:\/\/api.w.org\/{rel}","templated":true}]}}