{"id":10348,"date":"2025-10-15T10:00:38","date_gmt":"2025-10-15T10:00:38","guid":{"rendered":"https:\/\/nickyacademy.de\/?post_type=product&#038;p=10348"},"modified":"2026-04-01T07:39:04","modified_gmt":"2026-04-01T07:39:04","slug":"yos-preparation-german-e-book","status":"publish","type":"product","link":"https:\/\/nickyacademy.de\/de\/product\/yos-preparation-german-e-book\/","title":{"rendered":"Komplett-Kurs zur intensiven Vorbereitung auf die Y\u00d6S Pr\u00fcfung E-Book (Y\u00d6S\u2019e y\u00f6nelik kapsaml\u0131 yo\u011fun haz\u0131rl\u0131k kursu E-Book)"},"content":{"rendered":"<p>The Turkish company Nicky Akademi has released a complete intensive preparation course for the Y\u00d6S exam in different languages in Istanbul.<\/p>\n<p>This comprehensive textbook was created with all the needs of applicants in mind and is the ideal basis for effective study.<\/p>\n<p>What makes our course an indispensable tool for preparation?<\/p>\n<p>1080 pages of structured and understandable theory and practice.<br \/>\nIn-depth analysis of tasks: 3500 tasks, analysed in detail with answers and solutions, allowing students to understand the principle of the solution, rather than simply memorising the answer.<br \/>\nPlenty of practice: 40 full-length tests with solutions + 15 practice and super-difficult tests to reinforce the material.<br \/>\nClear structure: All material is divided into 6 modules and 5 parts, ensuring a consistent and logical study of all topics.<br \/>\nFull support: Rules, schedules, and preparation schedules will help you structure your learning process. We have also included all the necessary information about the exam, procedures, documents, and a glossary of specialised terms in Turkish.<\/p>\n<p>Language of presentation: The entire course is written in German with parallel Turkish terms, making it as accessible as possible for students from German speaking countries.<\/p>\n<p>We are confident that our guide will serve as a reliable foundation for successfully preparing students for admission to Turkish universities.<\/p>\n<p>Watch a short presentation:<\/p>\n<p><iframe class=\"wp-embedded-content\" sandbox=\"allow-scripts\" security=\"restricted\" title=\"Komplett-Kurs zur intensiven Vorbereitung auf die Y\u00d6S Pr\u00fcfung\" scrolling=\"no\" src=\"https:\/\/nickyakademi.aflip.in\/GERMAN-Kurs-YOS-PROMO#?secret=OYNgIziPWh\" data-secret=\"OYNgIziPWh\"><\/iframe><\/p>\n<p>Delivery outside Turkey is charged separately.<\/p>\n","protected":false},"excerpt":{"rendered":"<p>After payment, you will receive links to 6 flipbooks with your personal passwords.<\/p>\n<p>This comprehensive textbook was created with all the needs of applicants in mind and is the ideal basis for effective study.<\/p>\n<p>What makes our course an indispensable tool for preparation?<\/p>\n<p>1080 pages of structured and understandable theory and practice.<br \/>\nIn-depth analysis of tasks: 3500 tasks, analysed in detail with answers and solutions, allowing students to understand the principle of the solution, rather than simply memorising the answer.<br \/>\nPlenty of practice: 40 full-length tests with solutions + 15 practice and super-difficult tests to reinforce the material.<br \/>\nClear structure: All material is divided into 6 modules and 5 parts, ensuring a consistent and logical study of all topics.<br \/>\nFull support: Rules, schedules, and preparation schedules will help you structure your learning process. We have also included all the necessary information about the exam, procedures, documents, and a glossary of specialised terms in Turkish.<\/p>\n<p>Language of presentation: The entire course is written in German with parallel Turkish terms, making it as accessible as possible for students from German speaking countries.<\/p>\n<p>We are confident that our guide will serve as a reliable foundation for successfully preparing students for admission to Turkish universities.<\/p>\n<p>Watch a short presentation:<br \/>\nhttps:\/\/nickyakademi.aflip.in\/GERMAN-Kurs-YOS-PROMO<\/p>\n<p>Delivery outside Turkey is charged separately.<\/p>\n","protected":false},"featured_media":10349,"comment_status":"open","ping_status":"closed","template":"","meta":[],"product_brand":[],"product_cat":[741,751],"product_tag":[1281,1286,1280,1277,1284,1285,1289,1276,1279,1275,1278,1288,1282,1283,1287],"class_list":{"0":"post-10348","1":"product","2":"type-product","3":"status-publish","4":"has-post-thumbnail","6":"product_cat-maths","7":"product_cat-exams","8":"product_tag-complete-yos-textbook","9":"product_tag-foreign-students-in-turkey","10":"product_tag-intensive-yos-course","11":"product_tag-prepare-for-yos","12":"product_tag-study-in-turkey","13":"product_tag-turkish-universities","14":"product_tag-university-entrance-exam-turkey","15":"product_tag-yos-course","16":"product_tag-yos-course-in-russian","17":"product_tag-yos-exam-preparation","18":"product_tag-yos-for-russian-speakers","19":"product_tag-yos-mock-exams","20":"product_tag-yos-practice-tests","21":"product_tag-yos-solved-problems","22":"product_tag-yos-study-guide","23":"pa_tip-a-downloadable","25":"first","26":"instock","27":"featured","28":"downloadable","29":"virtual","30":"purchasable","31":"product-type-simple"},"_links":{"self":[{"href":"https:\/\/nickyacademy.de\/de\/wp-json\/wp\/v2\/product\/10348","targetHints":{"allow":["GET"]}}],"collection":[{"href":"https:\/\/nickyacademy.de\/de\/wp-json\/wp\/v2\/product"}],"about":[{"href":"https:\/\/nickyacademy.de\/de\/wp-json\/wp\/v2\/types\/product"}],"replies":[{"embeddable":true,"href":"https:\/\/nickyacademy.de\/de\/wp-json\/wp\/v2\/comments?post=10348"}],"wp:featuredmedia":[{"embeddable":true,"href":"https:\/\/nickyacademy.de\/de\/wp-json\/wp\/v2\/media\/10349"}],"wp:attachment":[{"href":"https:\/\/nickyacademy.de\/de\/wp-json\/wp\/v2\/media?parent=10348"}],"wp:term":[{"taxonomy":"product_brand","embeddable":true,"href":"https:\/\/nickyacademy.de\/de\/wp-json\/wp\/v2\/product_brand?post=10348"},{"taxonomy":"product_cat","embeddable":true,"href":"https:\/\/nickyacademy.de\/de\/wp-json\/wp\/v2\/product_cat?post=10348"},{"taxonomy":"product_tag","embeddable":true,"href":"https:\/\/nickyacademy.de\/de\/wp-json\/wp\/v2\/product_tag?post=10348"}],"curies":[{"name":"wp","href":"https:\/\/api.w.org\/{rel}","templated":true}]}}