{"id":10288,"date":"2025-10-15T08:03:17","date_gmt":"2025-10-15T08:03:17","guid":{"rendered":"https:\/\/nickyacademy.de\/?post_type=product&#038;p=10288"},"modified":"2026-04-01T07:37:10","modified_gmt":"2026-04-01T07:37:10","slug":"course-6-healthy-weight-loss-we-manage-our-own-shape-kurs-6-saglikli-zayiflama-formumuzu-kendimiz-yonetiyoruz","status":"publish","type":"product","link":"https:\/\/nickyacademy.de\/de\/product\/course-6-healthy-weight-loss-we-manage-our-own-shape-kurs-6-saglikli-zayiflama-formumuzu-kendimiz-yonetiyoruz\/","title":{"rendered":"Course 6: Healthy Weight Loss: We Manage Our Own Shape! (Kurs 6: Sa\u011fl\u0131kl\u0131 Zay\u0131flama: Formumuzu Kendimiz Y\u00f6netiyoruz!)"},"content":{"rendered":"","protected":false},"excerpt":{"rendered":"<p>&#8222;The Create10 Series&#8220;<\/p>\n<p>Course 6:<br \/>\nHealthy Weight Loss:<br \/>\nWe Manage Our Own Shape!<br \/>\nChapters: 10. Pages: 40.<\/p>\n<p>Healthy Habits for Young People and an Introduction to the World of Lightness<\/p>\n<p>Hello, future body-friendly person!<br \/>\nWould you like to feel light and confident, and learn to eat delicious and healthy food instead of dieting? This course is the key to a healthy body and harmony with yourself!<\/p>\n","protected":false},"featured_media":10258,"comment_status":"open","ping_status":"closed","template":"","meta":[],"product_brand":[255],"product_cat":[745],"product_tag":[1486,1578,1580,1161,1519,1577,1576,1336,1568,1579,1514,1581,1484,1554],"class_list":{"0":"post-10288","1":"product","2":"type-product","3":"status-publish","4":"has-post-thumbnail","6":"product_brand-reading-with-nicky","7":"product_cat-personal-development","8":"product_tag-an-introduction-to-the-world","9":"product_tag-body-friendly","10":"product_tag-confidence","11":"product_tag-creativity","12":"product_tag-future-enthusiast","13":"product_tag-healthy-habits","14":"product_tag-healthy-weight-loss","15":"product_tag-inspiration","16":"product_tag-introduction","17":"product_tag-lightness","18":"product_tag-self-expression","19":"product_tag-shape-management","20":"product_tag-the-create10-series","21":"product_tag-young-people","22":"pa_tip-b-printed","24":"first","25":"instock","26":"shipping-taxable","27":"purchasable","28":"product-type-simple"},"_links":{"self":[{"href":"https:\/\/nickyacademy.de\/de\/wp-json\/wp\/v2\/product\/10288","targetHints":{"allow":["GET"]}}],"collection":[{"href":"https:\/\/nickyacademy.de\/de\/wp-json\/wp\/v2\/product"}],"about":[{"href":"https:\/\/nickyacademy.de\/de\/wp-json\/wp\/v2\/types\/product"}],"replies":[{"embeddable":true,"href":"https:\/\/nickyacademy.de\/de\/wp-json\/wp\/v2\/comments?post=10288"}],"wp:featuredmedia":[{"embeddable":true,"href":"https:\/\/nickyacademy.de\/de\/wp-json\/wp\/v2\/media\/10258"}],"wp:attachment":[{"href":"https:\/\/nickyacademy.de\/de\/wp-json\/wp\/v2\/media?parent=10288"}],"wp:term":[{"taxonomy":"product_brand","embeddable":true,"href":"https:\/\/nickyacademy.de\/de\/wp-json\/wp\/v2\/product_brand?post=10288"},{"taxonomy":"product_cat","embeddable":true,"href":"https:\/\/nickyacademy.de\/de\/wp-json\/wp\/v2\/product_cat?post=10288"},{"taxonomy":"product_tag","embeddable":true,"href":"https:\/\/nickyacademy.de\/de\/wp-json\/wp\/v2\/product_tag?post=10288"}],"curies":[{"name":"wp","href":"https:\/\/api.w.org\/{rel}","templated":true}]}}