{"id":10285,"date":"2025-10-15T07:51:39","date_gmt":"2025-10-15T07:51:39","guid":{"rendered":"https:\/\/nickyacademy.de\/?post_type=product&#038;p=10285"},"modified":"2026-04-01T07:37:11","modified_gmt":"2026-04-01T07:37:11","slug":"course-5-flower-arranging-we-make-our-own-bouquets-kurs-5-cicek-duzenleme-buketlerimizi-kendimiz-yapiyoruz","status":"publish","type":"product","link":"https:\/\/nickyacademy.de\/de\/product\/course-5-flower-arranging-we-make-our-own-bouquets-kurs-5-cicek-duzenleme-buketlerimizi-kendimiz-yapiyoruz\/","title":{"rendered":"Course 5: Flower Arranging: We Make Our Own Bouquets! (Kurs 5: \u00c7i\u00e7ek D\u00fczenleme: Buketlerimizi Kendimiz Yap\u0131yoruz!)"},"content":{"rendered":"","protected":false},"excerpt":{"rendered":"<p>&#8222;The Create10 Series&#8220;<\/p>\n<p>Course 5:<br \/>\nFlower Arranging:<br \/>\nWe Make Our Own Bouquets!<br \/>\nChapters: 10. Pages: 40.<\/p>\n<p>An Introduction to Flowers and Harmony for Young People<\/p>\n<p>Hello, future flower expert!<br \/>\nWould you like to learn how to combine colours and textures to create perfect bouquets for yourself and as gifts? This course is your key to the colourful and inspiring world of flower arranging!<\/p>\n","protected":false},"featured_media":10261,"comment_status":"open","ping_status":"closed","template":"","meta":[],"product_brand":[255],"product_cat":[745],"product_tag":[1486,1567,1569,1161,1566,1519,1570,1336,1568,1553,1514,1484,1554],"class_list":{"0":"post-10285","1":"product","2":"type-product","3":"status-publish","4":"has-post-thumbnail","6":"product_brand-reading-with-nicky","7":"product_cat-personal-development","8":"product_tag-an-introduction-to-the-world","9":"product_tag-bouquet-creation","10":"product_tag-color-and-texture","11":"product_tag-creativity","12":"product_tag-flower-arranging","13":"product_tag-future-enthusiast","14":"product_tag-harmony","15":"product_tag-inspiration","16":"product_tag-introduction","17":"product_tag-organisation","18":"product_tag-self-expression","19":"product_tag-the-create10-series","20":"product_tag-young-people","21":"pa_tip-b-printed","23":"first","24":"instock","25":"shipping-taxable","26":"purchasable","27":"product-type-simple"},"_links":{"self":[{"href":"https:\/\/nickyacademy.de\/de\/wp-json\/wp\/v2\/product\/10285","targetHints":{"allow":["GET"]}}],"collection":[{"href":"https:\/\/nickyacademy.de\/de\/wp-json\/wp\/v2\/product"}],"about":[{"href":"https:\/\/nickyacademy.de\/de\/wp-json\/wp\/v2\/types\/product"}],"replies":[{"embeddable":true,"href":"https:\/\/nickyacademy.de\/de\/wp-json\/wp\/v2\/comments?post=10285"}],"wp:featuredmedia":[{"embeddable":true,"href":"https:\/\/nickyacademy.de\/de\/wp-json\/wp\/v2\/media\/10261"}],"wp:attachment":[{"href":"https:\/\/nickyacademy.de\/de\/wp-json\/wp\/v2\/media?parent=10285"}],"wp:term":[{"taxonomy":"product_brand","embeddable":true,"href":"https:\/\/nickyacademy.de\/de\/wp-json\/wp\/v2\/product_brand?post=10285"},{"taxonomy":"product_cat","embeddable":true,"href":"https:\/\/nickyacademy.de\/de\/wp-json\/wp\/v2\/product_cat?post=10285"},{"taxonomy":"product_tag","embeddable":true,"href":"https:\/\/nickyacademy.de\/de\/wp-json\/wp\/v2\/product_tag?post=10285"}],"curies":[{"name":"wp","href":"https:\/\/api.w.org\/{rel}","templated":true}]}}