{"id":10283,"date":"2025-10-15T07:35:28","date_gmt":"2025-10-15T07:35:28","guid":{"rendered":"https:\/\/nickyacademy.de\/?post_type=product&#038;p=10283"},"modified":"2026-04-01T07:37:11","modified_gmt":"2026-04-01T07:37:11","slug":"course-4-tidiness-and-organisation-course-we-create-our-own-order-kurs-4-temizlik-ve-duzen-kursu-duzenimizi-kendimiz-yaratiyoruz","status":"publish","type":"product","link":"https:\/\/nickyacademy.de\/de\/product\/course-4-tidiness-and-organisation-course-we-create-our-own-order-kurs-4-temizlik-ve-duzen-kursu-duzenimizi-kendimiz-yaratiyoruz\/","title":{"rendered":"Course 4:\u00a0 Tidiness and Organisation Course: We Create Our Own Order! (Kurs 4: Temizlik ve D\u00fczen Kursu: D\u00fczenimizi Kendimiz Yarat\u0131yoruz!)"},"content":{"rendered":"","protected":false},"excerpt":{"rendered":"<p>&#8222;The Create10 Series&#8220;<\/p>\n<p>Course 4:<br \/>\nTidiness and Organisation Course:<br \/>\nWe Create Our Own Order!<br \/>\nChapters: 10. Pages: 40.<\/p>\n<p>An Introduction to the World of Cleaning and Organisation for Young People<\/p>\n<p>Hello, future organisation expert!<br \/>\nDo you feel that the clutter in your room is hindering your mental clarity? Would you like to learn how to tidy up quickly and maintain order effortlessly? This course is the key to cleanliness and peace in your space!<\/p>\n","protected":false},"featured_media":10264,"comment_status":"open","ping_status":"closed","template":"","meta":[],"product_brand":[255],"product_cat":[745],"product_tag":[1486,1556,1161,1519,1557,1555,1553,1514,1558,1513,1484,1552,1554],"class_list":{"0":"post-10283","1":"product","2":"type-product","3":"status-publish","4":"has-post-thumbnail","6":"product_brand-reading-with-nicky","7":"product_cat-personal-development","8":"product_tag-an-introduction-to-the-world","9":"product_tag-cleaning","10":"product_tag-creativity","11":"product_tag-future-enthusiast","12":"product_tag-mental-clarity","13":"product_tag-order","14":"product_tag-organisation","15":"product_tag-self-expression","16":"product_tag-space","17":"product_tag-style-for-young-people","18":"product_tag-the-create10-series","19":"product_tag-tidiness","20":"product_tag-young-people","21":"pa_tip-b-printed","23":"first","24":"instock","25":"shipping-taxable","26":"purchasable","27":"product-type-simple"},"_links":{"self":[{"href":"https:\/\/nickyacademy.de\/de\/wp-json\/wp\/v2\/product\/10283","targetHints":{"allow":["GET"]}}],"collection":[{"href":"https:\/\/nickyacademy.de\/de\/wp-json\/wp\/v2\/product"}],"about":[{"href":"https:\/\/nickyacademy.de\/de\/wp-json\/wp\/v2\/types\/product"}],"replies":[{"embeddable":true,"href":"https:\/\/nickyacademy.de\/de\/wp-json\/wp\/v2\/comments?post=10283"}],"wp:featuredmedia":[{"embeddable":true,"href":"https:\/\/nickyacademy.de\/de\/wp-json\/wp\/v2\/media\/10264"}],"wp:attachment":[{"href":"https:\/\/nickyacademy.de\/de\/wp-json\/wp\/v2\/media?parent=10283"}],"wp:term":[{"taxonomy":"product_brand","embeddable":true,"href":"https:\/\/nickyacademy.de\/de\/wp-json\/wp\/v2\/product_brand?post=10283"},{"taxonomy":"product_cat","embeddable":true,"href":"https:\/\/nickyacademy.de\/de\/wp-json\/wp\/v2\/product_cat?post=10283"},{"taxonomy":"product_tag","embeddable":true,"href":"https:\/\/nickyacademy.de\/de\/wp-json\/wp\/v2\/product_tag?post=10283"}],"curies":[{"name":"wp","href":"https:\/\/api.w.org\/{rel}","templated":true}]}}