{"id":10277,"date":"2025-10-14T07:12:57","date_gmt":"2025-10-14T07:12:57","guid":{"rendered":"https:\/\/nickyacademy.de\/?post_type=product&#038;p=10277"},"modified":"2026-04-01T07:37:11","modified_gmt":"2026-04-01T07:37:11","slug":"course-2-the-basic-philosophy-of-makeup-highlight-your-beauty-kurs-2-makyajin-temel-felsefesi-guzelligini-vurgula","status":"publish","type":"product","link":"https:\/\/nickyacademy.de\/de\/product\/course-2-the-basic-philosophy-of-makeup-highlight-your-beauty-kurs-2-makyajin-temel-felsefesi-guzelligini-vurgula\/","title":{"rendered":"Course 2: The Basic Philosophy of Makeup: Highlight Your Beauty! (Kurs 2: Makyaj\u0131n Temel Felsefesi: G\u00fczelli\u011fini Vurgula!)"},"content":{"rendered":"","protected":false},"excerpt":{"rendered":"<p>&#8222;The Create10 Series&#8220;<\/p>\n<p>Course 2:<br \/>\nThe Basic Philosophy of Makeup: Highlight Your Beauty!<br \/>\nAn Introduction to the World of Colour and Style for Young People<\/p>\n<p>Chapters: 10. Pages: 40.<\/p>\n<p>Hello, future makeup enthusiast!<br \/>\nDo you dream of expressing yourself, highlighting your most beautiful features, or simply trying out different makeup looks for fun? This course is your key to the enchanting world of makeup!<\/p>\n","protected":false},"featured_media":10270,"comment_status":"open","ping_status":"closed","template":"","meta":[],"product_brand":[255],"product_cat":[745],"product_tag":[1486,1521,1510,1515,1523,1520,1525,1161,1516,1494,1519,1511,1517,1508,1518,1509,1495,1514,1513,1524,1484,1512,1522,1493],"class_list":{"0":"post-10277","1":"product","2":"type-product","3":"status-publish","4":"has-post-thumbnail","6":"product_brand-reading-with-nicky","7":"product_cat-personal-development","8":"product_tag-an-introduction-to-the-world","9":"product_tag-art-of-makeup","10":"product_tag-basic-makeup","11":"product_tag-beautiful-features","12":"product_tag-beauty","13":"product_tag-beauty-course","14":"product_tag-creative-self-expression","15":"product_tag-creativity","16":"product_tag-different-looks","17":"product_tag-fascinating-world","18":"product_tag-future-enthusiast","19":"product_tag-highlight-your-beauty","20":"product_tag-introduction-to-makeup","21":"product_tag-makeup-course","22":"product_tag-makeup-for-beginners","23":"product_tag-makeup-philosophy","24":"product_tag-patterns-and-sewing","25":"product_tag-self-expression","26":"product_tag-style-for-young-people","27":"product_tag-teen-makeup","28":"product_tag-the-create10-series","29":"product_tag-world-of-color","30":"product_tag-young-adults","31":"product_tag-your-key","32":"pa_tip-b-printed","34":"first","35":"instock","36":"shipping-taxable","37":"purchasable","38":"product-type-simple"},"_links":{"self":[{"href":"https:\/\/nickyacademy.de\/de\/wp-json\/wp\/v2\/product\/10277","targetHints":{"allow":["GET"]}}],"collection":[{"href":"https:\/\/nickyacademy.de\/de\/wp-json\/wp\/v2\/product"}],"about":[{"href":"https:\/\/nickyacademy.de\/de\/wp-json\/wp\/v2\/types\/product"}],"replies":[{"embeddable":true,"href":"https:\/\/nickyacademy.de\/de\/wp-json\/wp\/v2\/comments?post=10277"}],"wp:featuredmedia":[{"embeddable":true,"href":"https:\/\/nickyacademy.de\/de\/wp-json\/wp\/v2\/media\/10270"}],"wp:attachment":[{"href":"https:\/\/nickyacademy.de\/de\/wp-json\/wp\/v2\/media?parent=10277"}],"wp:term":[{"taxonomy":"product_brand","embeddable":true,"href":"https:\/\/nickyacademy.de\/de\/wp-json\/wp\/v2\/product_brand?post=10277"},{"taxonomy":"product_cat","embeddable":true,"href":"https:\/\/nickyacademy.de\/de\/wp-json\/wp\/v2\/product_cat?post=10277"},{"taxonomy":"product_tag","embeddable":true,"href":"https:\/\/nickyacademy.de\/de\/wp-json\/wp\/v2\/product_tag?post=10277"}],"curies":[{"name":"wp","href":"https:\/\/api.w.org\/{rel}","templated":true}]}}