{"id":10228,"date":"2025-10-13T07:31:50","date_gmt":"2025-10-13T07:31:50","guid":{"rendered":"https:\/\/nickyacademy.de\/?post_type=product&#038;p=10228"},"modified":"2026-04-01T07:35:45","modified_gmt":"2026-04-01T07:35:45","slug":"mantiksal-dusunme-seviye-3-mantik-sovalyeleri-argumanlar-ve-kanitlar-logical-thinking-level-3-knights-of-logic-arguments-and-evidence-basili","status":"publish","type":"product","link":"https:\/\/nickyacademy.de\/de\/product\/mantiksal-dusunme-seviye-3-mantik-sovalyeleri-argumanlar-ve-kanitlar-logical-thinking-level-3-knights-of-logic-arguments-and-evidence-basili\/","title":{"rendered":"Mant\u0131ksal D\u00fc\u015f\u00fcnme Seviye 3: Mant\u0131k \u015e\u00f6valyeleri &#8211; Arg\u00fcmanlar ve Kan\u0131tlar (Logical Thinking Level 3: Knights of Logic &#8211; Arguments and Evidence) Bas\u0131l\u0131"},"content":{"rendered":"","protected":false},"excerpt":{"rendered":"<p>Logical Thinking Level 3: Knights of Logic &#8211; Arguments and Evidence<\/p>\n<p>30 Lessons. 48 Pages.<br \/>\nAn advanced intelligence development program for gifted and curious children.<br \/>\nThis course is not just a game but a fundamental mental workout for future geniuses and Olympiad champions. It is designed to develop your child\u2019s cognitive skills through an exciting detective adventure.<\/p>\n<p>With Clever Fox and Curious Bear, your child will learn the essential tools of logical thinking through a comprehensive 30-lesson curriculum<\/p>\n<p>Characters: Clever Fox and Curious Bear guide children through the topics step by step.<br \/>\nVisualization: Venn diagrams, schematics, tables, comics, and mazes are integrated to explain abstract concepts.<br \/>\nPractice: Each topic is reinforced with hands-on exercises of gradually increasing difficulty.<\/p>\n<p>This program strengthens your child\u2019s critical and analytical thinking skills, preparing them for mathematics, coding, and life. It is designed for parents who invest in the intellectual development of children with high potential.<\/p>\n<p>Give your child an intellectual advantage.<\/p>\n","protected":false},"featured_media":10214,"comment_status":"open","ping_status":"closed","template":"","meta":[],"product_brand":[255],"product_cat":[741],"product_tag":[1207,1241,1239,1243,1238,1208,1245],"class_list":{"0":"post-10228","1":"product","2":"type-product","3":"status-publish","4":"has-post-thumbnail","6":"product_brand-reading-with-nicky","7":"product_cat-maths","8":"product_tag-critical-thinking","9":"product_tag-early-education","10":"product_tag-gifted-children","11":"product_tag-learning-adventure","12":"product_tag-logical-thinking","13":"product_tag-problem-solving","14":"product_tag-success-preparation","15":"pa_tip-b-printed","17":"first","18":"instock","19":"shipping-taxable","20":"purchasable","21":"product-type-simple"},"_links":{"self":[{"href":"https:\/\/nickyacademy.de\/de\/wp-json\/wp\/v2\/product\/10228","targetHints":{"allow":["GET"]}}],"collection":[{"href":"https:\/\/nickyacademy.de\/de\/wp-json\/wp\/v2\/product"}],"about":[{"href":"https:\/\/nickyacademy.de\/de\/wp-json\/wp\/v2\/types\/product"}],"replies":[{"embeddable":true,"href":"https:\/\/nickyacademy.de\/de\/wp-json\/wp\/v2\/comments?post=10228"}],"wp:featuredmedia":[{"embeddable":true,"href":"https:\/\/nickyacademy.de\/de\/wp-json\/wp\/v2\/media\/10214"}],"wp:attachment":[{"href":"https:\/\/nickyacademy.de\/de\/wp-json\/wp\/v2\/media?parent=10228"}],"wp:term":[{"taxonomy":"product_brand","embeddable":true,"href":"https:\/\/nickyacademy.de\/de\/wp-json\/wp\/v2\/product_brand?post=10228"},{"taxonomy":"product_cat","embeddable":true,"href":"https:\/\/nickyacademy.de\/de\/wp-json\/wp\/v2\/product_cat?post=10228"},{"taxonomy":"product_tag","embeddable":true,"href":"https:\/\/nickyacademy.de\/de\/wp-json\/wp\/v2\/product_tag?post=10228"}],"curies":[{"name":"wp","href":"https:\/\/api.w.org\/{rel}","templated":true}]}}