{"id":10139,"date":"2025-10-12T10:44:22","date_gmt":"2025-10-12T10:44:22","guid":{"rendered":"https:\/\/nickyacademy.de\/?post_type=product&#038;p=10139"},"modified":"2026-04-01T07:33:03","modified_gmt":"2026-04-01T07:33:03","slug":"mathematics-level-1-6-7-years-school-year-one-part-standart-matematik-seviye-1-6-7-yas-okul-1-sinif-kisim-temel","status":"publish","type":"product","link":"https:\/\/nickyacademy.de\/de\/product\/mathematics-level-1-6-7-years-school-year-one-part-standart-matematik-seviye-1-6-7-yas-okul-1-sinif-kisim-temel\/","title":{"rendered":"Mathematics. Level 1: 6-7 Years, School, Year One, Part: Standart (Matematik. Seviye 1: 6-7 Ya\u015f, Okul, 1. S\u0131n\u0131f. K\u0131s\u0131m: Temel.)"},"content":{"rendered":"<p>Mathematics is an indispensable part of life from birth and plays a critical role in children&#8217;s development. Beyond working with numbers, mathematical thinking develops critical thinking, problem-solving and logical reasoning skills.<\/p>\n<p>As children explore the world around them from an early age, they naturally encounter mathematical concepts: counting toys, arranging objects, recognising shapes, or comparing quantities. These experiences lay the foundation for their early mathematical foundations.<\/p>\n<p>Key Features of the Textbook<\/p>\n<p>Comprehensive 150 Tasks: The book contains a total of 150 tasks, designed to support children&#8217;s cognitive development.<\/p>\n<p>Task Structure: Each task consists of a dialogue between Max and Nikki, a clear action for the child to perform, and a section explaining the fundamental concept being developed. This structure provides clear guidance for both parents and children.<\/p>\n<p>Progressive Difficulty: The textbook offers a gradual increase in difficulty so that the child&#8217;s learning progresses naturally.<\/p>\n<p>Contemporary Elements: Modern themes are integrated into the tasks to appeal to today&#8217;s children.<\/p>\n<p>All tasks are specially adapted to the developmental levels of children aged 6-7 years. Year One. Standart. Are we ready to move on to the next stage?<\/p>\n","protected":false},"excerpt":{"rendered":"<p>Early Mathematics. Level 1: 6-7 Years Old, School, Year one. Part: Standart. (160 Pages)<\/p>\n<p>Early Mathematics and Child Development<br \/>\n1. A Comprehensive Practical Guide for Parents and Educators of 6-7 Year Olds. A play-based guide for parents and educators of 6-7 year olds. Mathematics through play, movement, and daily life.<br \/>\n2. List of Basic Mathematical Skills for 6-7 Year Olds (Focusing on Concepts Rather Than Formal Skills)<br \/>\n3. TEXTBOOK: \u2018MATH FROM THE CRADLE\u2019 (150 TASKS)<\/p>\n<p>&nbsp;<\/p>\n","protected":false},"featured_media":10140,"comment_status":"open","ping_status":"closed","template":"","meta":[],"product_brand":[255],"product_cat":[741],"product_tag":[1215,1207,1214,1201,1198,1203,1211,1209,1206,1212,1202,1213,1205,1204,1200,1208,1199],"class_list":{"0":"post-10139","1":"product","2":"type-product","3":"status-publish","4":"has-post-thumbnail","6":"product_brand-reading-with-nicky","7":"product_cat-maths","8":"product_tag-crawling","9":"product_tag-critical-thinking","10":"product_tag-dancing","11":"product_tag-early-childhood-development","12":"product_tag-early-math","13":"product_tag-educators-guide","14":"product_tag-fundamental-skills","15":"product_tag-logical-reasoning","16":"product_tag-math-in-daily-life","17":"product_tag-mathematical-concepts-vs-formal-skills","18":"product_tag-parents-guide","19":"product_tag-physical-activities-kneading","20":"product_tag-play-based-learning","21":"product_tag-practical-guide","22":"product_tag-preschool-education","23":"product_tag-problem-solving","24":"product_tag-toddler-education-ages-1-2","25":"pa_tip-b-printed","27":"first","28":"instock","29":"featured","30":"shipping-taxable","31":"purchasable","32":"product-type-simple"},"_links":{"self":[{"href":"https:\/\/nickyacademy.de\/de\/wp-json\/wp\/v2\/product\/10139","targetHints":{"allow":["GET"]}}],"collection":[{"href":"https:\/\/nickyacademy.de\/de\/wp-json\/wp\/v2\/product"}],"about":[{"href":"https:\/\/nickyacademy.de\/de\/wp-json\/wp\/v2\/types\/product"}],"replies":[{"embeddable":true,"href":"https:\/\/nickyacademy.de\/de\/wp-json\/wp\/v2\/comments?post=10139"}],"wp:featuredmedia":[{"embeddable":true,"href":"https:\/\/nickyacademy.de\/de\/wp-json\/wp\/v2\/media\/10140"}],"wp:attachment":[{"href":"https:\/\/nickyacademy.de\/de\/wp-json\/wp\/v2\/media?parent=10139"}],"wp:term":[{"taxonomy":"product_brand","embeddable":true,"href":"https:\/\/nickyacademy.de\/de\/wp-json\/wp\/v2\/product_brand?post=10139"},{"taxonomy":"product_cat","embeddable":true,"href":"https:\/\/nickyacademy.de\/de\/wp-json\/wp\/v2\/product_cat?post=10139"},{"taxonomy":"product_tag","embeddable":true,"href":"https:\/\/nickyacademy.de\/de\/wp-json\/wp\/v2\/product_tag?post=10139"}],"curies":[{"name":"wp","href":"https:\/\/api.w.org\/{rel}","templated":true}]}}