{"id":10038,"date":"2025-10-11T19:03:08","date_gmt":"2025-10-11T19:03:08","guid":{"rendered":"https:\/\/nickyacademy.de\/?post_type=product&#038;p=10038"},"modified":"2026-04-01T07:29:47","modified_gmt":"2026-04-01T07:29:47","slug":"the-essential-toddler-cookbook-nutrition-journal-printed-126-recipes-for-ages-1-5-yas-cocuklari-icin-yemek-kitabi-ve-beslenme-gunlugu-1-5-yas-arasi-126-tarif","status":"publish","type":"product","link":"https:\/\/nickyacademy.de\/de\/product\/the-essential-toddler-cookbook-nutrition-journal-printed-126-recipes-for-ages-1-5-yas-cocuklari-icin-yemek-kitabi-ve-beslenme-gunlugu-1-5-yas-arasi-126-tarif\/","title":{"rendered":"The Essential Toddler Cookbook &#038; Nutrition Journal (Printed): 126 Recipes for Ages 1-5 (Ya\u015f \u00c7ocuklar\u0131 i\u00e7in Yemek Kitab\u0131 ve Beslenme G\u00fcnl\u00fc\u011f\u00fc: 1-5 Ya\u015f Aras\u0131 126 Tarif)"},"content":{"rendered":"<p>Nourish your growing child with confidence! &#8222;Children&#8217;s Nutrition&#8220; is the ultimate recipe book and daily journal designed for parents of toddlers aged 1 to 5 years.<\/p>\n<p>This comprehensive guide provides\u00a0126 delicious and healthy meals, carefully organized into\u00a010 essential food categories. This structure helps you ensure your child receives the necessary variety and balanced nutrition every day, taking the guesswork out of meal planning.<\/p>\n<p>What makes this book unique?<\/p>\n<p>&#8211; 126 Recipes for Ages 1-5: A vast collection of child-approved dishes tailored for young taste buds and nutritional needs.<br \/>\n&#8211; 10 Essential Categories:\u00a0Easily plan meals to cover all vital food groups and guarantee dietary diversity.<br \/>\n&#8211; Includes a Mother&#8217;s Journal:\u00a0A dedicated section for you to track your child&#8217;s meals, preferences, and reactions, creating a valuable keepsake of their early eating journey.<\/p>\n<p>Give your child the best start with meals that are as nutritious as they are delicious!<\/p>\n","protected":false},"excerpt":{"rendered":"<p>Nourish your growing child with confidence! &#8222;Children&#8217;s Nutrition&#8220; is the ultimate recipe book and daily journal designed for parents of toddlers aged 1 to 5 years.<\/p>\n<p>This comprehensive guide provides\u00a0126 delicious and healthy meals, carefully organized into\u00a010 essential food categories. This structure helps you ensure your child receives the necessary variety and balanced nutrition every day, taking the guesswork out of meal planning.<\/p>\n<p>What makes this book unique?<\/p>\n<p>&#8211; 126 Recipes for Ages 1-5: A vast collection of child-approved dishes tailored for young taste buds and nutritional needs.<br \/>\n&#8211; 10 Essential Categories:\u00a0Easily plan meals to cover all vital food groups and guarantee dietary diversity.<br \/>\n&#8211; Includes a Mother&#8217;s Journal:\u00a0A dedicated section for you to track your child&#8217;s meals, preferences, and reactions, creating a valuable keepsake of their early eating journey.<\/p>\n<p>Give your child the best start with meals that are as nutritious as they are delicious!<\/p>\n","protected":false},"featured_media":8328,"comment_status":"open","ping_status":"closed","template":"","meta":[],"product_brand":[255],"product_cat":[1273],"product_tag":[1183,1179,1180,1181,1184,1052,1182,1176,1185],"class_list":{"0":"post-10038","1":"product","2":"type-product","3":"status-publish","4":"has-post-thumbnail","6":"product_brand-reading-with-nicky","7":"product_cat-family","8":"product_tag-healthy-kids-recipes","9":"product_tag-meals-for-1-year-old","10":"product_tag-meals-for-2-year-olds","11":"product_tag-meals-for-3-year-olds","12":"product_tag-mothers-food-diary","13":"product_tag-mums-diary","14":"product_tag-picky-eater-solutions","15":"product_tag-toddler-cookbook","16":"product_tag-weaning-recipes","17":"pa_tip-b-printed","19":"first","20":"instock","21":"featured","22":"downloadable","23":"shipping-taxable","24":"purchasable","25":"product-type-simple"},"_links":{"self":[{"href":"https:\/\/nickyacademy.de\/de\/wp-json\/wp\/v2\/product\/10038","targetHints":{"allow":["GET"]}}],"collection":[{"href":"https:\/\/nickyacademy.de\/de\/wp-json\/wp\/v2\/product"}],"about":[{"href":"https:\/\/nickyacademy.de\/de\/wp-json\/wp\/v2\/types\/product"}],"replies":[{"embeddable":true,"href":"https:\/\/nickyacademy.de\/de\/wp-json\/wp\/v2\/comments?post=10038"}],"wp:featuredmedia":[{"embeddable":true,"href":"https:\/\/nickyacademy.de\/de\/wp-json\/wp\/v2\/media\/8328"}],"wp:attachment":[{"href":"https:\/\/nickyacademy.de\/de\/wp-json\/wp\/v2\/media?parent=10038"}],"wp:term":[{"taxonomy":"product_brand","embeddable":true,"href":"https:\/\/nickyacademy.de\/de\/wp-json\/wp\/v2\/product_brand?post=10038"},{"taxonomy":"product_cat","embeddable":true,"href":"https:\/\/nickyacademy.de\/de\/wp-json\/wp\/v2\/product_cat?post=10038"},{"taxonomy":"product_tag","embeddable":true,"href":"https:\/\/nickyacademy.de\/de\/wp-json\/wp\/v2\/product_tag?post=10038"}],"curies":[{"name":"wp","href":"https:\/\/api.w.org\/{rel}","templated":true}]}}